{"id":8131,"date":"2021-02-09T08:30:48","date_gmt":"2021-02-09T08:30:48","guid":{"rendered":"http:\/\/brausa.es\/?page_id=8131"},"modified":"2021-02-26T10:55:02","modified_gmt":"2021-02-26T10:55:02","slug":"mentions-legales","status":"publish","type":"page","link":"https:\/\/brausa.es\/fr\/mentions-legales\/","title":{"rendered":"Mentions l\u00e9gales"},"content":{"rendered":"\n<p><strong>BRAUSA S.A.<\/strong><br>Carretera Nacional II-a, Km. 448 &#8211;<br>C.P 25181 SOSES (Lleida) Espagne<br>T\u00e9l\u00e9phone\u00a0: (+34) 973 790 100<br>Fax\u00a0: +34 973 791 061<\/p>\n\n\n\n<p><strong>BRAUSA S.A.<\/strong> immatricul\u00e9e aupr\u00e8s du Registre du commerce et des Soci\u00e9t\u00e9s de Lleida.<\/p>\n\n\n\n<p>L\u2019information contenue sur le site Web de <strong>BRAUSA S.A. <\/strong>est \u00e0 jour et doit \u00eatre consid\u00e9r\u00e9e comme une introduction pour l\u2019utilisateur concernant la m\u00e9thodologie, les produits, les services, entre autres informations concernant l\u2019entreprise.<\/p>\n\n\n\n<p>L\u2019utilisateur peut demander plus d&#8217;informations en \u00e9crivant \u00e0 l\u2019adresse \u00e9lectronique disponible sur le site.<\/p>\n\n\n\n<p><strong>BRAUSA S.A. <\/strong>d\u00e9cline toute responsabilit\u00e9 concernant l\u2019utilisation abusive des informations et des contenus et se r\u00e9serve le droit de les mettre \u00e0 jour si n\u00e9cessaire, ainsi que d\u2019\u00e9liminer, de limiter ou d\u2019emp\u00eacher l\u2019acc\u00e8s \u00e0 ceux-ci de mani\u00e8re temporaire ou permanente.<\/p>\n\n\n\n<p>BRAUSA S.A. d\u00e9cline toute responsabilit\u00e9 pour toute information non contenue dans ce site Web et donc non \u00e9labor\u00e9e par BRAUSA S.A. ni publi\u00e9e en son nom. De m\u00eame, elle n\u2019est pas responsable des informations contenues dans d\u2019autres pages li\u00e9es au site Web de <strong>BRAUSA S.A. <\/strong>par des liens.<\/p>\n\n\n\n<p><strong>BRAUSA S.A. <\/strong>d\u00e9cline toute responsabilit\u00e9 quant aux \u00e9ventuelles erreurs de s\u00e9curit\u00e9 qui pourraient se produire en raison de l\u2019utilisation d\u2019ordinateurs infect\u00e9s par des virus informatiques ou quant aux cons\u00e9quences qui pourraient d\u00e9couler du mauvais fonctionnement du navigateur utilis\u00e9.<\/p>\n\n\n\n<p>La reproduction, la copie, l\u2019utilisation, la distribution, la commercialisation, la communication publique ou toute autre utilisation qui peut \u00eatre faite de l\u2019information contenue dans les pages de ce site Web et qui est faite sans l\u2019autorisation de <strong>BRAUSA S.A. <\/strong>est une infraction punie par la loi.<\/p>\n\n\n\n<p>Tous les droits de propri\u00e9t\u00e9 industrielle et intellectuelle du site Web ainsi que des \u00e9l\u00e9ments qui y sont contenus, y compris les images et le catalogue d\u2019entreprise, appartiennent \u00e0 <strong>BRAUSA S.A<\/strong>.<strong><\/strong><\/p>\n","protected":false},"excerpt":{"rendered":"<p>BRAUSA S.A.Carretera Nacional II-a, Km. 448 &#8211;C.P 25181 SOSES (Lleida) EspagneT\u00e9l\u00e9phone\u00a0: (+34) 973 790 100Fax\u00a0: +34 973 791 061 BRAUSA S.A. immatricul\u00e9e aupr\u00e8s du Registre du commerce et des Soci\u00e9t\u00e9s de Lleida. L\u2019information contenue sur le site Web de BRAUSA S.A. est \u00e0 jour et doit \u00eatre consid\u00e9r\u00e9e comme une introduction pour l\u2019utilisateur concernant la [&hellip;]<\/p>\n","protected":false},"author":1,"featured_media":0,"parent":0,"menu_order":0,"comment_status":"closed","ping_status":"closed","template":"","meta":{"footnotes":""},"class_list":["post-8131","page","type-page","status-publish","hentry"],"yoast_head":"<!-- This site is optimized with the Yoast SEO plugin v23.4 - https:\/\/yoast.com\/wordpress\/plugins\/seo\/ -->\n<title>Mentions l\u00e9gales - Brausa<\/title>\n<meta name=\"robots\" content=\"index, follow, max-snippet:-1, max-image-preview:large, max-video-preview:-1\" \/>\n<link rel=\"canonical\" href=\"https:\/\/brausa.es\/fr\/mentions-legales\/\" \/>\n<meta property=\"og:locale\" content=\"fr_FR\" \/>\n<meta property=\"og:type\" content=\"article\" \/>\n<meta property=\"og:title\" content=\"Mentions l\u00e9gales - Brausa\" \/>\n<meta property=\"og:description\" content=\"BRAUSA S.A.Carretera Nacional II-a, Km. 448 &#8211;C.P 25181 SOSES (Lleida) EspagneT\u00e9l\u00e9phone\u00a0: (+34) 973 790 100Fax\u00a0: +34 973 791 061 BRAUSA S.A. immatricul\u00e9e aupr\u00e8s du Registre du commerce et des Soci\u00e9t\u00e9s de Lleida. L\u2019information contenue sur le site Web de BRAUSA S.A. est \u00e0 jour et doit \u00eatre consid\u00e9r\u00e9e comme une introduction pour l\u2019utilisateur concernant la [&hellip;]\" \/>\n<meta property=\"og:url\" content=\"https:\/\/brausa.es\/fr\/mentions-legales\/\" \/>\n<meta property=\"og:site_name\" content=\"Brausa\" \/>\n<meta property=\"article:modified_time\" content=\"2021-02-26T10:55:02+00:00\" \/>\n<meta name=\"twitter:card\" content=\"summary_large_image\" \/>\n<meta name=\"twitter:label1\" content=\"Est. reading time\" \/>\n\t<meta name=\"twitter:data1\" content=\"2 minutes\" \/>\n<script type=\"application\/ld+json\" class=\"yoast-schema-graph\">{\"@context\":\"https:\/\/schema.org\",\"@graph\":[{\"@type\":\"WebPage\",\"@id\":\"https:\/\/brausa.es\/fr\/mentions-legales\/\",\"url\":\"https:\/\/brausa.es\/fr\/mentions-legales\/\",\"name\":\"Mentions l\u00e9gales - Brausa\",\"isPartOf\":{\"@id\":\"https:\/\/brausa.es\/#website\"},\"datePublished\":\"2021-02-09T08:30:48+00:00\",\"dateModified\":\"2021-02-26T10:55:02+00:00\",\"breadcrumb\":{\"@id\":\"https:\/\/brausa.es\/fr\/mentions-legales\/#breadcrumb\"},\"inLanguage\":\"fr-FR\",\"potentialAction\":[{\"@type\":\"ReadAction\",\"target\":[\"https:\/\/brausa.es\/fr\/mentions-legales\/\"]}]},{\"@type\":\"BreadcrumbList\",\"@id\":\"https:\/\/brausa.es\/fr\/mentions-legales\/#breadcrumb\",\"itemListElement\":[{\"@type\":\"ListItem\",\"position\":1,\"name\":\"Portada\",\"item\":\"https:\/\/brausa.es\/fr\/\"},{\"@type\":\"ListItem\",\"position\":2,\"name\":\"Mentions l\u00e9gales\"}]},{\"@type\":\"WebSite\",\"@id\":\"https:\/\/brausa.es\/#website\",\"url\":\"https:\/\/brausa.es\/\",\"name\":\"Brausa\",\"description\":\"Perfiles de acero en fr\u00edo a medida\",\"publisher\":{\"@id\":\"https:\/\/brausa.es\/#organization\"},\"potentialAction\":[{\"@type\":\"SearchAction\",\"target\":{\"@type\":\"EntryPoint\",\"urlTemplate\":\"https:\/\/brausa.es\/?s={search_term_string}\"},\"query-input\":{\"@type\":\"PropertyValueSpecification\",\"valueRequired\":true,\"valueName\":\"search_term_string\"}}],\"inLanguage\":\"fr-FR\"},{\"@type\":\"Organization\",\"@id\":\"https:\/\/brausa.es\/#organization\",\"name\":\"BRAUSA\",\"url\":\"https:\/\/brausa.es\/\",\"logo\":{\"@type\":\"ImageObject\",\"inLanguage\":\"fr-FR\",\"@id\":\"https:\/\/brausa.es\/#\/schema\/logo\/image\/\",\"url\":\"https:\/\/brausa.es\/wp-content\/uploads\/2021\/02\/brausa-logo-header.jpg\",\"contentUrl\":\"https:\/\/brausa.es\/wp-content\/uploads\/2021\/02\/brausa-logo-header.jpg\",\"width\":233,\"height\":85,\"caption\":\"BRAUSA\"},\"image\":{\"@id\":\"https:\/\/brausa.es\/#\/schema\/logo\/image\/\"},\"sameAs\":[\"https:\/\/www.linkedin.com\/company\/brausa\/\",\"https:\/\/www.youtube.com\/channel\/UC_l7vW5uTRKlRsJk4i1LhbQ\"]}]}<\/script>\n<!-- \/ Yoast SEO plugin. -->","yoast_head_json":{"title":"Mentions l\u00e9gales - Brausa","robots":{"index":"index","follow":"follow","max-snippet":"max-snippet:-1","max-image-preview":"max-image-preview:large","max-video-preview":"max-video-preview:-1"},"canonical":"https:\/\/brausa.es\/fr\/mentions-legales\/","og_locale":"fr_FR","og_type":"article","og_title":"Mentions l\u00e9gales - Brausa","og_description":"BRAUSA S.A.Carretera Nacional II-a, Km. 448 &#8211;C.P 25181 SOSES (Lleida) EspagneT\u00e9l\u00e9phone\u00a0: (+34) 973 790 100Fax\u00a0: +34 973 791 061 BRAUSA S.A. immatricul\u00e9e aupr\u00e8s du Registre du commerce et des Soci\u00e9t\u00e9s de Lleida. L\u2019information contenue sur le site Web de BRAUSA S.A. est \u00e0 jour et doit \u00eatre consid\u00e9r\u00e9e comme une introduction pour l\u2019utilisateur concernant la [&hellip;]","og_url":"https:\/\/brausa.es\/fr\/mentions-legales\/","og_site_name":"Brausa","article_modified_time":"2021-02-26T10:55:02+00:00","twitter_card":"summary_large_image","twitter_misc":{"Est. reading time":"2 minutes"},"schema":{"@context":"https:\/\/schema.org","@graph":[{"@type":"WebPage","@id":"https:\/\/brausa.es\/fr\/mentions-legales\/","url":"https:\/\/brausa.es\/fr\/mentions-legales\/","name":"Mentions l\u00e9gales - Brausa","isPartOf":{"@id":"https:\/\/brausa.es\/#website"},"datePublished":"2021-02-09T08:30:48+00:00","dateModified":"2021-02-26T10:55:02+00:00","breadcrumb":{"@id":"https:\/\/brausa.es\/fr\/mentions-legales\/#breadcrumb"},"inLanguage":"fr-FR","potentialAction":[{"@type":"ReadAction","target":["https:\/\/brausa.es\/fr\/mentions-legales\/"]}]},{"@type":"BreadcrumbList","@id":"https:\/\/brausa.es\/fr\/mentions-legales\/#breadcrumb","itemListElement":[{"@type":"ListItem","position":1,"name":"Portada","item":"https:\/\/brausa.es\/fr\/"},{"@type":"ListItem","position":2,"name":"Mentions l\u00e9gales"}]},{"@type":"WebSite","@id":"https:\/\/brausa.es\/#website","url":"https:\/\/brausa.es\/","name":"Brausa","description":"Perfiles de acero en fr\u00edo a medida","publisher":{"@id":"https:\/\/brausa.es\/#organization"},"potentialAction":[{"@type":"SearchAction","target":{"@type":"EntryPoint","urlTemplate":"https:\/\/brausa.es\/?s={search_term_string}"},"query-input":{"@type":"PropertyValueSpecification","valueRequired":true,"valueName":"search_term_string"}}],"inLanguage":"fr-FR"},{"@type":"Organization","@id":"https:\/\/brausa.es\/#organization","name":"BRAUSA","url":"https:\/\/brausa.es\/","logo":{"@type":"ImageObject","inLanguage":"fr-FR","@id":"https:\/\/brausa.es\/#\/schema\/logo\/image\/","url":"https:\/\/brausa.es\/wp-content\/uploads\/2021\/02\/brausa-logo-header.jpg","contentUrl":"https:\/\/brausa.es\/wp-content\/uploads\/2021\/02\/brausa-logo-header.jpg","width":233,"height":85,"caption":"BRAUSA"},"image":{"@id":"https:\/\/brausa.es\/#\/schema\/logo\/image\/"},"sameAs":["https:\/\/www.linkedin.com\/company\/brausa\/","https:\/\/www.youtube.com\/channel\/UC_l7vW5uTRKlRsJk4i1LhbQ"]}]}},"_links":{"self":[{"href":"https:\/\/brausa.es\/fr\/wp-json\/wp\/v2\/pages\/8131"}],"collection":[{"href":"https:\/\/brausa.es\/fr\/wp-json\/wp\/v2\/pages"}],"about":[{"href":"https:\/\/brausa.es\/fr\/wp-json\/wp\/v2\/types\/page"}],"author":[{"embeddable":true,"href":"https:\/\/brausa.es\/fr\/wp-json\/wp\/v2\/users\/1"}],"replies":[{"embeddable":true,"href":"https:\/\/brausa.es\/fr\/wp-json\/wp\/v2\/comments?post=8131"}],"version-history":[{"count":2,"href":"https:\/\/brausa.es\/fr\/wp-json\/wp\/v2\/pages\/8131\/revisions"}],"predecessor-version":[{"id":8980,"href":"https:\/\/brausa.es\/fr\/wp-json\/wp\/v2\/pages\/8131\/revisions\/8980"}],"wp:attachment":[{"href":"https:\/\/brausa.es\/fr\/wp-json\/wp\/v2\/media?parent=8131"}],"curies":[{"name":"wp","href":"https:\/\/api.w.org\/{rel}","templated":true}]}}