{"id":7716,"date":"2021-01-25T13:42:27","date_gmt":"2021-01-25T13:42:27","guid":{"rendered":"http:\/\/brausa.es\/medios-productivos\/"},"modified":"2021-02-24T10:37:23","modified_gmt":"2021-02-24T10:37:23","slug":"medios-productivos","status":"publish","type":"page","link":"https:\/\/brausa.es\/fr\/medios-productivos\/","title":{"rendered":"Moyens de production"},"content":{"rendered":"\t\t<div data-elementor-type=\"wp-page\" data-elementor-id=\"7716\" class=\"elementor elementor-7716 elementor-6539\">\n\t\t\t\t\t\t<section class=\"elementor-section elementor-top-section elementor-element elementor-element-4db80bf qodef-elementor-content-grid elementor-section-boxed elementor-section-height-default elementor-section-height-default\" data-id=\"4db80bf\" data-element_type=\"section\">\n\t\t\t\t\t\t<div class=\"elementor-container elementor-column-gap-default\">\n\t\t\t\t\t<div class=\"elementor-column elementor-col-100 elementor-top-column elementor-element elementor-element-f4dfd65\" data-id=\"f4dfd65\" data-element_type=\"column\" data-settings=\"{&quot;background_background&quot;:&quot;classic&quot;}\">\n\t\t\t<div class=\"elementor-widget-wrap elementor-element-populated\">\n\t\t\t\t\t\t<div class=\"elementor-element elementor-element-57e4f11 elementor-widget elementor-widget-stal_core_section_title\" data-id=\"57e4f11\" data-element_type=\"widget\" data-widget_type=\"stal_core_section_title.default\">\n\t\t\t\t<div class=\"elementor-widget-container\">\n\t\t\t<div class=\"qodef-shortcode qodef-m  qodef-section-title qodef-alignment--left  \">\n\t\t<div class=\"qodef-m-title-wrap\">\n\t\t<h2 class=\"qodef-m-title\" >\n\t\t\t\t\tMoyens de production \t\t\t<\/h2>\n\t\n\t<\/div>\n\t\t<p class=\"qodef-m-text\" style=\"margin-top: 30px;font-size: 19px;line-height: 30px\">Des investissements et des modernisations permanents permettent de doter nos installations des moyens les plus modernes de production, de programmation, d\u2019automatisation et de contr\u00f4le de processus, afin de r\u00e9pondre aux exigences du march\u00e9 actuel.<\/p>\n<\/div>\t\t<\/div>\n\t\t\t\t<\/div>\n\t\t\t\t\t<\/div>\n\t\t<\/div>\n\t\t\t\t\t<\/div>\n\t\t<\/section>\n\t\t\t\t<section class=\"elementor-section elementor-top-section elementor-element elementor-element-f297bbf elementor-section-full_width elementor-section-height-default elementor-section-height-default qodef-elementor-content-no\" data-id=\"f297bbf\" data-element_type=\"section\" data-settings=\"{&quot;background_background&quot;:&quot;classic&quot;}\">\n\t\t\t\t\t\t<div class=\"elementor-container elementor-column-gap-default\">\n\t\t\t\t\t<div class=\"elementor-column elementor-col-50 elementor-top-column elementor-element elementor-element-5ac82a4\" data-id=\"5ac82a4\" data-element_type=\"column\" data-settings=\"{&quot;background_background&quot;:&quot;classic&quot;}\">\n\t\t\t<div class=\"elementor-widget-wrap elementor-element-populated\">\n\t\t\t\t\t\t<div class=\"elementor-element elementor-element-69f2d6f elementor-widget elementor-widget-spacer\" data-id=\"69f2d6f\" data-element_type=\"widget\" data-widget_type=\"spacer.default\">\n\t\t\t\t<div class=\"elementor-widget-container\">\n\t\t\t\t\t<div class=\"elementor-spacer\">\n\t\t\t<div class=\"elementor-spacer-inner\"><\/div>\n\t\t<\/div>\n\t\t\t\t<\/div>\n\t\t\t\t<\/div>\n\t\t\t\t\t<\/div>\n\t\t<\/div>\n\t\t\t\t<div class=\"elementor-column elementor-col-50 elementor-top-column elementor-element elementor-element-b1064ad\" data-id=\"b1064ad\" data-element_type=\"column\">\n\t\t\t<div class=\"elementor-widget-wrap elementor-element-populated\">\n\t\t\t\t\t\t<div class=\"elementor-element elementor-element-cb9515a elementor-widget elementor-widget-stal_core_section_title\" data-id=\"cb9515a\" data-element_type=\"widget\" data-widget_type=\"stal_core_section_title.default\">\n\t\t\t\t<div class=\"elementor-widget-container\">\n\t\t\t<div class=\"qodef-shortcode qodef-m  qodef-section-title qodef-alignment--left  \">\n\t\t<div class=\"qodef-m-title-wrap\">\n\t\t<h3 class=\"qodef-m-title\" >\n\t\t\t\t\tProfilage\t\t\t<\/h3>\n\t\n\t<\/div>\n\t\t<p class=\"qodef-m-text\" style=\"font-size: 19px;line-height: 30px\">Lignes de profilage flexibles qui s\u2019adaptent aux exigences du profil\u00e9 en acier. Jusqu\u2019\u00e0 25 m de longueur et 8 mm d\u2019\u00e9paisseur.<\/p>\n<\/div>\t\t<\/div>\n\t\t\t\t<\/div>\n\t\t\t\t\t<\/div>\n\t\t<\/div>\n\t\t\t\t\t<\/div>\n\t\t<\/section>\n\t\t\t\t<section class=\"elementor-section elementor-top-section elementor-element elementor-element-22b1060 elementor-section-full_width elementor-section-height-default elementor-section-height-default qodef-elementor-content-no\" data-id=\"22b1060\" data-element_type=\"section\" data-settings=\"{&quot;background_background&quot;:&quot;classic&quot;}\">\n\t\t\t\t\t\t<div class=\"elementor-container elementor-column-gap-default\">\n\t\t\t\t\t<div class=\"elementor-column elementor-col-50 elementor-top-column elementor-element elementor-element-0a11850\" data-id=\"0a11850\" data-element_type=\"column\" data-settings=\"{&quot;background_background&quot;:&quot;classic&quot;}\">\n\t\t\t<div class=\"elementor-widget-wrap elementor-element-populated\">\n\t\t\t\t\t\t<div class=\"elementor-element elementor-element-e8c6ee8 elementor-widget elementor-widget-stal_core_section_title\" data-id=\"e8c6ee8\" data-element_type=\"widget\" data-widget_type=\"stal_core_section_title.default\">\n\t\t\t\t<div class=\"elementor-widget-container\">\n\t\t\t<div class=\"qodef-shortcode qodef-m  qodef-section-title qodef-alignment--left  \">\n\t\t<div class=\"qodef-m-title-wrap\">\n\t\t<h3 class=\"qodef-m-title\" >\n\t\t\t\t\tPliage\t\t\t<\/h3>\n\t\n\t<\/div>\n\t\t<p class=\"qodef-m-text\" style=\"font-size: 19px;line-height: 30px\">2 plieuses de 7 m\u00e8tres dispos\u00e9es en tandem, pliage jusqu\u2019\u00e0 14 m\u00e8tres.<\/p>\n<\/div>\t\t<\/div>\n\t\t\t\t<\/div>\n\t\t\t\t\t<\/div>\n\t\t<\/div>\n\t\t\t\t<div class=\"elementor-column elementor-col-50 elementor-top-column elementor-element elementor-element-39d3674\" data-id=\"39d3674\" data-element_type=\"column\" data-settings=\"{&quot;background_background&quot;:&quot;classic&quot;}\">\n\t\t\t<div class=\"elementor-widget-wrap elementor-element-populated\">\n\t\t\t\t\t\t<div class=\"elementor-element elementor-element-ffae907 elementor-widget elementor-widget-spacer\" data-id=\"ffae907\" data-element_type=\"widget\" data-widget_type=\"spacer.default\">\n\t\t\t\t<div class=\"elementor-widget-container\">\n\t\t\t\t\t<div class=\"elementor-spacer\">\n\t\t\t<div class=\"elementor-spacer-inner\"><\/div>\n\t\t<\/div>\n\t\t\t\t<\/div>\n\t\t\t\t<\/div>\n\t\t\t\t\t<\/div>\n\t\t<\/div>\n\t\t\t\t\t<\/div>\n\t\t<\/section>\n\t\t\t\t<section class=\"elementor-section elementor-top-section elementor-element elementor-element-f5a20fe elementor-section-full_width elementor-section-height-default elementor-section-height-default qodef-elementor-content-no\" data-id=\"f5a20fe\" data-element_type=\"section\" data-settings=\"{&quot;background_background&quot;:&quot;classic&quot;}\">\n\t\t\t\t\t\t<div class=\"elementor-container elementor-column-gap-default\">\n\t\t\t\t\t<div class=\"elementor-column elementor-col-50 elementor-top-column elementor-element elementor-element-d4e70d3\" data-id=\"d4e70d3\" data-element_type=\"column\" data-settings=\"{&quot;background_background&quot;:&quot;classic&quot;}\">\n\t\t\t<div class=\"elementor-widget-wrap elementor-element-populated\">\n\t\t\t\t\t\t<div class=\"elementor-element elementor-element-14150bd elementor-widget elementor-widget-spacer\" data-id=\"14150bd\" data-element_type=\"widget\" data-widget_type=\"spacer.default\">\n\t\t\t\t<div class=\"elementor-widget-container\">\n\t\t\t\t\t<div class=\"elementor-spacer\">\n\t\t\t<div class=\"elementor-spacer-inner\"><\/div>\n\t\t<\/div>\n\t\t\t\t<\/div>\n\t\t\t\t<\/div>\n\t\t\t\t\t<\/div>\n\t\t<\/div>\n\t\t\t\t<div class=\"elementor-column elementor-col-50 elementor-top-column elementor-element elementor-element-9f252ee\" data-id=\"9f252ee\" data-element_type=\"column\">\n\t\t\t<div class=\"elementor-widget-wrap elementor-element-populated\">\n\t\t\t\t\t\t<div class=\"elementor-element elementor-element-9d3fcaf elementor-widget elementor-widget-stal_core_section_title\" data-id=\"9d3fcaf\" data-element_type=\"widget\" data-widget_type=\"stal_core_section_title.default\">\n\t\t\t\t<div class=\"elementor-widget-container\">\n\t\t\t<div class=\"qodef-shortcode qodef-m  qodef-section-title qodef-alignment--left  \">\n\t\t<div class=\"qodef-m-title-wrap\">\n\t\t<h3 class=\"qodef-m-title\" >\n\t\t\t\t\tPoin\u00e7onnage\t\t\t<\/h3>\n\t\n\t<\/div>\n\t\t<p class=\"qodef-m-text\" style=\"font-size: 19px;line-height: 30px\">Syst\u00e8mes de poin\u00e7onnage flexibles permettant des proc\u00e9d\u00e9s d\u2019usinage tr\u00e8s divers.<\/p>\n<\/div>\t\t<\/div>\n\t\t\t\t<\/div>\n\t\t\t\t\t<\/div>\n\t\t<\/div>\n\t\t\t\t\t<\/div>\n\t\t<\/section>\n\t\t\t\t<section class=\"elementor-section elementor-top-section elementor-element elementor-element-67c6633 elementor-section-full_width elementor-section-height-default elementor-section-height-default qodef-elementor-content-no\" data-id=\"67c6633\" data-element_type=\"section\" data-settings=\"{&quot;background_background&quot;:&quot;classic&quot;}\">\n\t\t\t\t\t\t<div class=\"elementor-container elementor-column-gap-default\">\n\t\t\t\t\t<div class=\"elementor-column elementor-col-50 elementor-top-column elementor-element elementor-element-d22ee75\" data-id=\"d22ee75\" data-element_type=\"column\" data-settings=\"{&quot;background_background&quot;:&quot;classic&quot;}\">\n\t\t\t<div class=\"elementor-widget-wrap elementor-element-populated\">\n\t\t\t\t\t\t<div class=\"elementor-element elementor-element-89a0972 elementor-widget elementor-widget-stal_core_section_title\" data-id=\"89a0972\" data-element_type=\"widget\" data-widget_type=\"stal_core_section_title.default\">\n\t\t\t\t<div class=\"elementor-widget-container\">\n\t\t\t<div class=\"qodef-shortcode qodef-m  qodef-section-title qodef-alignment--left  \">\n\t\t<div class=\"qodef-m-title-wrap\">\n\t\t<h3 class=\"qodef-m-title\" >\n\t\t\t\t\t2 lignes de d\u00e9coupe de bobines\t\t\t<\/h3>\n\t\n\t<\/div>\n\t\t<p class=\"qodef-m-text\" style=\"font-size: 19px;line-height: 30px\">Polyvalence et grande flexibilit\u00e9 quant \u00e0 la disponibilit\u00e9 des mat\u00e9riaux. <\/p>\n<\/div>\t\t<\/div>\n\t\t\t\t<\/div>\n\t\t\t\t\t<\/div>\n\t\t<\/div>\n\t\t\t\t<div class=\"elementor-column elementor-col-50 elementor-top-column elementor-element elementor-element-65da875\" data-id=\"65da875\" data-element_type=\"column\" data-settings=\"{&quot;background_background&quot;:&quot;classic&quot;}\">\n\t\t\t<div class=\"elementor-widget-wrap elementor-element-populated\">\n\t\t\t\t\t\t<div class=\"elementor-element elementor-element-3e31db8 elementor-widget elementor-widget-spacer\" data-id=\"3e31db8\" data-element_type=\"widget\" data-widget_type=\"spacer.default\">\n\t\t\t\t<div class=\"elementor-widget-container\">\n\t\t\t\t\t<div class=\"elementor-spacer\">\n\t\t\t<div class=\"elementor-spacer-inner\"><\/div>\n\t\t<\/div>\n\t\t\t\t<\/div>\n\t\t\t\t<\/div>\n\t\t\t\t\t<\/div>\n\t\t<\/div>\n\t\t\t\t\t<\/div>\n\t\t<\/section>\n\t\t\t\t<\/div>\n\t\t","protected":false},"excerpt":{"rendered":"<p>Moyens de production Des investissements et des modernisations permanents permettent de doter nos installations des moyens les plus modernes de production, de programmation, d\u2019automatisation et de contr\u00f4le de processus, afin de r\u00e9pondre aux exigences du march\u00e9 actuel. Profilage Lignes de profilage flexibles qui s\u2019adaptent aux exigences du profil\u00e9 en acier. Jusqu\u2019\u00e0 25 m de longueur [&hellip;]<\/p>\n","protected":false},"author":1,"featured_media":0,"parent":0,"menu_order":0,"comment_status":"closed","ping_status":"closed","template":"page-full-width.php","meta":{"footnotes":""},"class_list":["post-7716","page","type-page","status-publish","hentry"],"yoast_head":"<!-- This site is optimized with the Yoast SEO plugin v23.4 - https:\/\/yoast.com\/wordpress\/plugins\/seo\/ -->\n<title>Moyens de production - Brausa<\/title>\n<meta name=\"robots\" content=\"index, follow, max-snippet:-1, max-image-preview:large, max-video-preview:-1\" \/>\n<link rel=\"canonical\" href=\"https:\/\/brausa.es\/fr\/medios-productivos\/\" \/>\n<meta property=\"og:locale\" content=\"fr_FR\" \/>\n<meta property=\"og:type\" content=\"article\" \/>\n<meta property=\"og:title\" content=\"Moyens de production - Brausa\" \/>\n<meta property=\"og:description\" content=\"Moyens de production Des investissements et des modernisations permanents permettent de doter nos installations des moyens les plus modernes de production, de programmation, d\u2019automatisation et de contr\u00f4le de processus, afin de r\u00e9pondre aux exigences du march\u00e9 actuel. Profilage Lignes de profilage flexibles qui s\u2019adaptent aux exigences du profil\u00e9 en acier. Jusqu\u2019\u00e0 25 m de longueur [&hellip;]\" \/>\n<meta property=\"og:url\" content=\"https:\/\/brausa.es\/fr\/medios-productivos\/\" \/>\n<meta property=\"og:site_name\" content=\"Brausa\" \/>\n<meta property=\"article:modified_time\" content=\"2021-02-24T10:37:23+00:00\" \/>\n<meta name=\"twitter:card\" content=\"summary_large_image\" \/>\n<meta name=\"twitter:label1\" content=\"Est. reading time\" \/>\n\t<meta name=\"twitter:data1\" content=\"1 minute\" \/>\n<script type=\"application\/ld+json\" class=\"yoast-schema-graph\">{\"@context\":\"https:\/\/schema.org\",\"@graph\":[{\"@type\":\"WebPage\",\"@id\":\"https:\/\/brausa.es\/fr\/medios-productivos\/\",\"url\":\"https:\/\/brausa.es\/fr\/medios-productivos\/\",\"name\":\"Moyens de production - Brausa\",\"isPartOf\":{\"@id\":\"https:\/\/brausa.es\/#website\"},\"datePublished\":\"2021-01-25T13:42:27+00:00\",\"dateModified\":\"2021-02-24T10:37:23+00:00\",\"breadcrumb\":{\"@id\":\"https:\/\/brausa.es\/fr\/medios-productivos\/#breadcrumb\"},\"inLanguage\":\"fr-FR\",\"potentialAction\":[{\"@type\":\"ReadAction\",\"target\":[\"https:\/\/brausa.es\/fr\/medios-productivos\/\"]}]},{\"@type\":\"BreadcrumbList\",\"@id\":\"https:\/\/brausa.es\/fr\/medios-productivos\/#breadcrumb\",\"itemListElement\":[{\"@type\":\"ListItem\",\"position\":1,\"name\":\"Portada\",\"item\":\"https:\/\/brausa.es\/fr\/\"},{\"@type\":\"ListItem\",\"position\":2,\"name\":\"Moyens de production\"}]},{\"@type\":\"WebSite\",\"@id\":\"https:\/\/brausa.es\/#website\",\"url\":\"https:\/\/brausa.es\/\",\"name\":\"Brausa\",\"description\":\"Perfiles de acero en fr\u00edo a medida\",\"publisher\":{\"@id\":\"https:\/\/brausa.es\/#organization\"},\"potentialAction\":[{\"@type\":\"SearchAction\",\"target\":{\"@type\":\"EntryPoint\",\"urlTemplate\":\"https:\/\/brausa.es\/?s={search_term_string}\"},\"query-input\":{\"@type\":\"PropertyValueSpecification\",\"valueRequired\":true,\"valueName\":\"search_term_string\"}}],\"inLanguage\":\"fr-FR\"},{\"@type\":\"Organization\",\"@id\":\"https:\/\/brausa.es\/#organization\",\"name\":\"BRAUSA\",\"url\":\"https:\/\/brausa.es\/\",\"logo\":{\"@type\":\"ImageObject\",\"inLanguage\":\"fr-FR\",\"@id\":\"https:\/\/brausa.es\/#\/schema\/logo\/image\/\",\"url\":\"https:\/\/brausa.es\/wp-content\/uploads\/2021\/02\/brausa-logo-header.jpg\",\"contentUrl\":\"https:\/\/brausa.es\/wp-content\/uploads\/2021\/02\/brausa-logo-header.jpg\",\"width\":233,\"height\":85,\"caption\":\"BRAUSA\"},\"image\":{\"@id\":\"https:\/\/brausa.es\/#\/schema\/logo\/image\/\"},\"sameAs\":[\"https:\/\/www.linkedin.com\/company\/brausa\/\",\"https:\/\/www.youtube.com\/channel\/UC_l7vW5uTRKlRsJk4i1LhbQ\"]}]}<\/script>\n<!-- \/ Yoast SEO plugin. -->","yoast_head_json":{"title":"Moyens de production - Brausa","robots":{"index":"index","follow":"follow","max-snippet":"max-snippet:-1","max-image-preview":"max-image-preview:large","max-video-preview":"max-video-preview:-1"},"canonical":"https:\/\/brausa.es\/fr\/medios-productivos\/","og_locale":"fr_FR","og_type":"article","og_title":"Moyens de production - Brausa","og_description":"Moyens de production Des investissements et des modernisations permanents permettent de doter nos installations des moyens les plus modernes de production, de programmation, d\u2019automatisation et de contr\u00f4le de processus, afin de r\u00e9pondre aux exigences du march\u00e9 actuel. Profilage Lignes de profilage flexibles qui s\u2019adaptent aux exigences du profil\u00e9 en acier. Jusqu\u2019\u00e0 25 m de longueur [&hellip;]","og_url":"https:\/\/brausa.es\/fr\/medios-productivos\/","og_site_name":"Brausa","article_modified_time":"2021-02-24T10:37:23+00:00","twitter_card":"summary_large_image","twitter_misc":{"Est. reading time":"1 minute"},"schema":{"@context":"https:\/\/schema.org","@graph":[{"@type":"WebPage","@id":"https:\/\/brausa.es\/fr\/medios-productivos\/","url":"https:\/\/brausa.es\/fr\/medios-productivos\/","name":"Moyens de production - Brausa","isPartOf":{"@id":"https:\/\/brausa.es\/#website"},"datePublished":"2021-01-25T13:42:27+00:00","dateModified":"2021-02-24T10:37:23+00:00","breadcrumb":{"@id":"https:\/\/brausa.es\/fr\/medios-productivos\/#breadcrumb"},"inLanguage":"fr-FR","potentialAction":[{"@type":"ReadAction","target":["https:\/\/brausa.es\/fr\/medios-productivos\/"]}]},{"@type":"BreadcrumbList","@id":"https:\/\/brausa.es\/fr\/medios-productivos\/#breadcrumb","itemListElement":[{"@type":"ListItem","position":1,"name":"Portada","item":"https:\/\/brausa.es\/fr\/"},{"@type":"ListItem","position":2,"name":"Moyens de production"}]},{"@type":"WebSite","@id":"https:\/\/brausa.es\/#website","url":"https:\/\/brausa.es\/","name":"Brausa","description":"Perfiles de acero en fr\u00edo a medida","publisher":{"@id":"https:\/\/brausa.es\/#organization"},"potentialAction":[{"@type":"SearchAction","target":{"@type":"EntryPoint","urlTemplate":"https:\/\/brausa.es\/?s={search_term_string}"},"query-input":{"@type":"PropertyValueSpecification","valueRequired":true,"valueName":"search_term_string"}}],"inLanguage":"fr-FR"},{"@type":"Organization","@id":"https:\/\/brausa.es\/#organization","name":"BRAUSA","url":"https:\/\/brausa.es\/","logo":{"@type":"ImageObject","inLanguage":"fr-FR","@id":"https:\/\/brausa.es\/#\/schema\/logo\/image\/","url":"https:\/\/brausa.es\/wp-content\/uploads\/2021\/02\/brausa-logo-header.jpg","contentUrl":"https:\/\/brausa.es\/wp-content\/uploads\/2021\/02\/brausa-logo-header.jpg","width":233,"height":85,"caption":"BRAUSA"},"image":{"@id":"https:\/\/brausa.es\/#\/schema\/logo\/image\/"},"sameAs":["https:\/\/www.linkedin.com\/company\/brausa\/","https:\/\/www.youtube.com\/channel\/UC_l7vW5uTRKlRsJk4i1LhbQ"]}]}},"_links":{"self":[{"href":"https:\/\/brausa.es\/fr\/wp-json\/wp\/v2\/pages\/7716"}],"collection":[{"href":"https:\/\/brausa.es\/fr\/wp-json\/wp\/v2\/pages"}],"about":[{"href":"https:\/\/brausa.es\/fr\/wp-json\/wp\/v2\/types\/page"}],"author":[{"embeddable":true,"href":"https:\/\/brausa.es\/fr\/wp-json\/wp\/v2\/users\/1"}],"replies":[{"embeddable":true,"href":"https:\/\/brausa.es\/fr\/wp-json\/wp\/v2\/comments?post=7716"}],"version-history":[{"count":20,"href":"https:\/\/brausa.es\/fr\/wp-json\/wp\/v2\/pages\/7716\/revisions"}],"predecessor-version":[{"id":8897,"href":"https:\/\/brausa.es\/fr\/wp-json\/wp\/v2\/pages\/7716\/revisions\/8897"}],"wp:attachment":[{"href":"https:\/\/brausa.es\/fr\/wp-json\/wp\/v2\/media?parent=7716"}],"curies":[{"name":"wp","href":"https:\/\/api.w.org\/{rel}","templated":true}]}}