{"id":7353,"date":"2021-02-05T10:46:47","date_gmt":"2021-02-05T10:46:47","guid":{"rendered":"http:\/\/brausa.es\/?page_id=7353"},"modified":"2021-02-05T10:46:50","modified_gmt":"2021-02-05T10:46:50","slug":"politica-de-galetes-cookies","status":"publish","type":"page","link":"https:\/\/brausa.es\/ca\/politica-de-galetes-cookies\/","title":{"rendered":"Pol\u00edtica de galetes (cookies)"},"content":{"rendered":"\n<p>Una galeta (<em>cookie<\/em>) \u00e9s un fitxer que es descarrega al vostre ordinador en accedir a determinades p\u00e0gines web. Les galetes permeten a una p\u00e0gina web, entre altres coses, emmagatzemar i recuperar informaci\u00f3 sobre els h\u00e0bits de navegaci\u00f3 d\u2019un usuari o del seu equip i, depenent de la informaci\u00f3 que continguin i de la manera com utilitzi el seu equip, es poden utilitzar per recon\u00e8ixer l\u2019usuari. El navegador de l\u2019usuari memoritza galetes al disc dur nom\u00e9s durant la sessi\u00f3 actual. Aquestes galetes ocupen un espai de mem\u00f2ria m\u00ednim i no perjudiquen l\u2019ordinador. Les galetes no contenen cap mena d\u2019informaci\u00f3 personal espec\u00edfica, i la majoria s\u2019esborren del disc dur en finalitzar la sessi\u00f3 de navegador (les anomenades galetes de sessi\u00f3).<\/p>\n\n\n\n<p>La majoria dels navegadors accepten com a est\u00e0ndard les galetes i, amb independ\u00e8ncia d\u2019aquestes galetes, a la configuraci\u00f3 de seguretat permeten o impedeixen les galetes temporals o memoritzades.<\/p>\n\n\n\n<p>Sense el vostre consentiment expr\u00e9s \u2014mitjan\u00e7ant l\u2019activaci\u00f3 de les galetes al vostre navegador\u2014, <a href=\"https:\/\/www.brausa.es\">www.brausa.es<\/a> no enlla\u00e7ar\u00e0 a les galetes les dades memoritzades amb les vostres dades personals proporcionades en el moment del registre o la compra.<\/p>\n\n\n\n<h2 class=\"has-medium-font-size wp-block-heading\">Quins tipus de galetes utilitza aquesta p\u00e0gina web?<\/h2>\n\n\n\n<ul class=\"wp-block-list\"><li><strong>Cookies t\u00e8cniques<\/strong>: s\u00f3n aquelles que permeten a l\u2019usuari la navegaci\u00f3 a trav\u00e9s d\u2019una p\u00e0gina web, plataforma o aplicaci\u00f3 i la utilitzaci\u00f3 de les diferents opcions o serveis que hi hagi, com, per exemple, controlar el tr\u00e0nsit i la comunicaci\u00f3 de dades, identificar la sessi\u00f3, accedir a parts d\u2019acc\u00e9s restringit, recordar els elements que integren una comanda, fer el proc\u00e9s de compra d\u2019una comanda, fer la sol\u00b7licitud d\u2019inscripci\u00f3 o participaci\u00f3 en un esdeveniment, utilitzar elements de seguretat durant la navegaci\u00f3, emmagatzemar continguts per a la difusi\u00f3 de v\u00eddeos o so i compartir continguts a trav\u00e9s de xarxes socials.<\/li><li><strong>Cookies de personalitzaci\u00f3<\/strong>: s\u00f3n aquelles que permeten a l\u2019usuari accedir al servei amb algunes caracter\u00edstiques de car\u00e0cter general predefinides en funci\u00f3 d\u2019una s\u00e8rie de criteris en el terminal de l\u2019usuari, com ara l\u2019idioma, el tipus de navegador mitjan\u00e7ant el qual accedeix al servei, la configuraci\u00f3 regional des d\u2019on s\u2019accedeix al servei, etc.<\/li><li><strong>Cookies d&#8217;an\u00e0lisi<\/strong>: s\u00f3n aquelles que, tractades per nosaltres o per tercers, ens permeten quantificar el nombre d\u2019usuaris i, d\u2019aquesta manera, fer el mesurament i l\u2019an\u00e0lisi estad\u00edstica de la utilitzaci\u00f3 que fan els usuaris del servei ofert. Per fer-ho, s\u2019analitza la navegaci\u00f3 dels usuaris a la nostra p\u00e0gina web per millorar la nostra oferta de productes o serveis.<\/li><li><strong>Galetes publicit\u00e0ries<\/strong>: s\u00f3n aquelles que, tractades per nosaltres o per tercers, ens permeten gestionar de la manera m\u00e9s efica\u00e7 possible l\u2019oferta dels espais publicitaris que hi ha a la p\u00e0gina web i adequar el contingut de l\u2019anunci al contingut del servei sol\u00b7licitat o l\u2019\u00fas que feu de la nostra p\u00e0gina web. Per fer-ho, podem analitzar els vostres h\u00e0bits de navegaci\u00f3 a Internet i podem mostrar publicitat relacionada amb el vostre perfil de navegaci\u00f3.<\/li><li><strong>Galetes de publicitat comportamental<\/strong>: s\u00f3n aquelles que permeten la gesti\u00f3, de la manera m\u00e9s efica\u00e7 possible, dels espais publicitaris que, si escau, l\u2019editor hagi incl\u00f2s en una p\u00e0gina web, aplicaci\u00f3 o plataforma des de la qual presta el servei sol\u00b7licitat. Aquestes galetes emmagatzemen informaci\u00f3 del comportament dels usuaris obtinguda a trav\u00e9s de l\u2019observaci\u00f3 continuada dels seus h\u00e0bits de navegaci\u00f3, cosa que permet desenvolupar un perfil espec\u00edfic per mostrar publicitat en funci\u00f3 d\u2019aquest perfil.<\/li><li><strong>Galetes de tercers<\/strong>: el web de <a href=\"https:\/\/brausa.es\">www.brausa.es<\/a> pot utilitzar serveis de tercers que, per compte de <a href=\"https:\/\/brausa.es\">www.brausa.es<\/a>, recopilaran informaci\u00f3 amb finalitats estad\u00edstiques, d\u2019\u00fas del lloc web per part de l\u2019usuari i per a la prestaci\u00f3 d\u2019altres serveis relacionats amb l\u2019activitat del lloc web i altres serveis d\u2019internet.<\/li><\/ul>\n\n\n\n<p>En particular, aquest lloc web utilitza Google Analytics, un servei anal\u00edtic de web prestat per Google, Inc., amb domicili als Estats Units, amb seu central a 1600 Amphitheatre Parkway, Mountain View, Calif\u00f2rnia 94043. Per a la prestaci\u00f3 d\u2019aquests serveis, utilitza galetes que recopilen la informaci\u00f3, inclosa l\u2019adre\u00e7a IP de l\u2019usuari, que ser\u00e0 transmesa, tractada i emmagatzemada per Google en els termes fixats al web Google.com. S\u2019inclou tamb\u00e9 la possible transmissi\u00f3 d\u2019aquesta informaci\u00f3 a tercers per raons d\u2019exig\u00e8ncia legal o quan aquests tercers processin la informaci\u00f3 per compte de Google.<\/p>\n\n\n\n\n\n\n<p><strong>L\u2019usuari accepta expressament, per la utilitzaci\u00f3 d\u2019aquest lloc web, el tractament de la informaci\u00f3 recollida en la forma i amb les finalitats que s\u2019han esmentat m\u00e9s amunt<\/strong>.Aix\u00ed mateix, manifesta que coneix la possibilitat de rebutjar el tractament d\u2019aquestes dades o informaci\u00f3 rebutjant l\u2019\u00fas de galetes mitjan\u00e7ant la selecci\u00f3 de la configuraci\u00f3 apropiada per a aquesta finalitat al seu navegador. Tot i aix\u00f2, aquesta opci\u00f3 de bloqueig de galetes al navegador de l\u2019usuari pot no permetre-li l\u2019\u00fas ple de totes les funcionalitats de la p\u00e0gina web.<\/p>\n\n\n\n<p>L\u2019usuari tamb\u00e9 pot permetre, bloquejar o eliminar les galetes instal\u00b7lades al seu equip mitjan\u00e7ant la configuraci\u00f3 de les opcions del navegador al seu ordinador:<\/p>\n\n\n\n<ul class=\"wp-block-list\"><li><a href=\"http:\/\/support.google.com\/chrome\/bin\/answer.py?hl=es&amp;answer=95647\" target=\"_blank\" rel=\"noreferrer noopener\">Chrome<\/a><\/li><li><a href=\"http:\/\/windows.microsoft.com\/es-es\/windows7\/how-to-manage-cookies-in-internet-explorer-9\" target=\"_blank\" rel=\"noreferrer noopener\">Explorer<\/a><\/li><li><a href=\"http:\/\/support.mozilla.org\/es\/kb\/habilitar-y-deshabilitar-cookies-que-los-sitios-we\" target=\"_blank\" rel=\"noreferrer noopener\">Firefox<\/a><\/li><li><a href=\"http:\/\/support.apple.com\/kb\/ph5042\" target=\"_blank\" rel=\"noreferrer noopener\">Safari<\/a><\/li><\/ul>\n\n\n\n<p>Si teniu dubtes sobre aquesta pol\u00edtica de galetes, podeu contactar amb <a href=\"https:\/\/www.brausa.es\">www.brausa.es<\/a> enviant un correu electr\u00f2nic a <a href=\"mailto:comercial@brausa.es\">comercial@brausa.es<\/a>.<\/p>\n","protected":false},"excerpt":{"rendered":"<p>Una galeta (cookie) \u00e9s un fitxer que es descarrega al vostre ordinador en accedir a determinades p\u00e0gines web. Les galetes permeten a una p\u00e0gina web, entre altres coses, emmagatzemar i recuperar informaci\u00f3 sobre els h\u00e0bits de navegaci\u00f3 d\u2019un usuari o del seu equip i, depenent de la informaci\u00f3 que continguin i de la manera com [&hellip;]<\/p>\n","protected":false},"author":1,"featured_media":0,"parent":0,"menu_order":0,"comment_status":"closed","ping_status":"closed","template":"","meta":{"footnotes":""},"class_list":["post-7353","page","type-page","status-publish","hentry"],"yoast_head":"<!-- This site is optimized with the Yoast SEO plugin v23.4 - https:\/\/yoast.com\/wordpress\/plugins\/seo\/ -->\n<title>Pol\u00edtica de galetes (cookies) - Brausa<\/title>\n<meta name=\"robots\" content=\"noindex, follow\" \/>\n<meta property=\"og:locale\" content=\"ca_ES\" \/>\n<meta property=\"og:type\" content=\"article\" \/>\n<meta property=\"og:title\" content=\"Pol\u00edtica de galetes (cookies) - Brausa\" \/>\n<meta property=\"og:description\" content=\"Una galeta (cookie) \u00e9s un fitxer que es descarrega al vostre ordinador en accedir a determinades p\u00e0gines web. Les galetes permeten a una p\u00e0gina web, entre altres coses, emmagatzemar i recuperar informaci\u00f3 sobre els h\u00e0bits de navegaci\u00f3 d\u2019un usuari o del seu equip i, depenent de la informaci\u00f3 que continguin i de la manera com [&hellip;]\" \/>\n<meta property=\"og:url\" content=\"https:\/\/brausa.es\/ca\/politica-de-galetes-cookies\/\" \/>\n<meta property=\"og:site_name\" content=\"Brausa\" \/>\n<meta property=\"article:modified_time\" content=\"2021-02-05T10:46:50+00:00\" \/>\n<meta name=\"twitter:card\" content=\"summary_large_image\" \/>\n<meta name=\"twitter:label1\" content=\"Est. reading time\" \/>\n\t<meta name=\"twitter:data1\" content=\"5 minutes\" \/>\n<script type=\"application\/ld+json\" class=\"yoast-schema-graph\">{\"@context\":\"https:\/\/schema.org\",\"@graph\":[{\"@type\":\"WebPage\",\"@id\":\"https:\/\/brausa.es\/ca\/politica-de-galetes-cookies\/\",\"url\":\"https:\/\/brausa.es\/ca\/politica-de-galetes-cookies\/\",\"name\":\"Pol\u00edtica de galetes (cookies) - Brausa\",\"isPartOf\":{\"@id\":\"https:\/\/brausa.es\/#website\"},\"datePublished\":\"2021-02-05T10:46:47+00:00\",\"dateModified\":\"2021-02-05T10:46:50+00:00\",\"breadcrumb\":{\"@id\":\"https:\/\/brausa.es\/ca\/politica-de-galetes-cookies\/#breadcrumb\"},\"inLanguage\":\"ca\",\"potentialAction\":[{\"@type\":\"ReadAction\",\"target\":[\"https:\/\/brausa.es\/ca\/politica-de-galetes-cookies\/\"]}]},{\"@type\":\"BreadcrumbList\",\"@id\":\"https:\/\/brausa.es\/ca\/politica-de-galetes-cookies\/#breadcrumb\",\"itemListElement\":[{\"@type\":\"ListItem\",\"position\":1,\"name\":\"Portada\",\"item\":\"https:\/\/brausa.es\/ca\/\"},{\"@type\":\"ListItem\",\"position\":2,\"name\":\"Pol\u00edtica de galetes (cookies)\"}]},{\"@type\":\"WebSite\",\"@id\":\"https:\/\/brausa.es\/#website\",\"url\":\"https:\/\/brausa.es\/\",\"name\":\"Brausa\",\"description\":\"Perfiles de acero en fr\u00edo a medida\",\"publisher\":{\"@id\":\"https:\/\/brausa.es\/#organization\"},\"potentialAction\":[{\"@type\":\"SearchAction\",\"target\":{\"@type\":\"EntryPoint\",\"urlTemplate\":\"https:\/\/brausa.es\/?s={search_term_string}\"},\"query-input\":{\"@type\":\"PropertyValueSpecification\",\"valueRequired\":true,\"valueName\":\"search_term_string\"}}],\"inLanguage\":\"ca\"},{\"@type\":\"Organization\",\"@id\":\"https:\/\/brausa.es\/#organization\",\"name\":\"BRAUSA\",\"url\":\"https:\/\/brausa.es\/\",\"logo\":{\"@type\":\"ImageObject\",\"inLanguage\":\"ca\",\"@id\":\"https:\/\/brausa.es\/#\/schema\/logo\/image\/\",\"url\":\"https:\/\/brausa.es\/wp-content\/uploads\/2021\/02\/brausa-logo-header.jpg\",\"contentUrl\":\"https:\/\/brausa.es\/wp-content\/uploads\/2021\/02\/brausa-logo-header.jpg\",\"width\":233,\"height\":85,\"caption\":\"BRAUSA\"},\"image\":{\"@id\":\"https:\/\/brausa.es\/#\/schema\/logo\/image\/\"},\"sameAs\":[\"https:\/\/www.linkedin.com\/company\/brausa\/\",\"https:\/\/www.youtube.com\/channel\/UC_l7vW5uTRKlRsJk4i1LhbQ\"]}]}<\/script>\n<!-- \/ Yoast SEO plugin. -->","yoast_head_json":{"title":"Pol\u00edtica de galetes (cookies) - Brausa","robots":{"index":"noindex","follow":"follow"},"og_locale":"ca_ES","og_type":"article","og_title":"Pol\u00edtica de galetes (cookies) - Brausa","og_description":"Una galeta (cookie) \u00e9s un fitxer que es descarrega al vostre ordinador en accedir a determinades p\u00e0gines web. Les galetes permeten a una p\u00e0gina web, entre altres coses, emmagatzemar i recuperar informaci\u00f3 sobre els h\u00e0bits de navegaci\u00f3 d\u2019un usuari o del seu equip i, depenent de la informaci\u00f3 que continguin i de la manera com [&hellip;]","og_url":"https:\/\/brausa.es\/ca\/politica-de-galetes-cookies\/","og_site_name":"Brausa","article_modified_time":"2021-02-05T10:46:50+00:00","twitter_card":"summary_large_image","twitter_misc":{"Est. reading time":"5 minutes"},"schema":{"@context":"https:\/\/schema.org","@graph":[{"@type":"WebPage","@id":"https:\/\/brausa.es\/ca\/politica-de-galetes-cookies\/","url":"https:\/\/brausa.es\/ca\/politica-de-galetes-cookies\/","name":"Pol\u00edtica de galetes (cookies) - Brausa","isPartOf":{"@id":"https:\/\/brausa.es\/#website"},"datePublished":"2021-02-05T10:46:47+00:00","dateModified":"2021-02-05T10:46:50+00:00","breadcrumb":{"@id":"https:\/\/brausa.es\/ca\/politica-de-galetes-cookies\/#breadcrumb"},"inLanguage":"ca","potentialAction":[{"@type":"ReadAction","target":["https:\/\/brausa.es\/ca\/politica-de-galetes-cookies\/"]}]},{"@type":"BreadcrumbList","@id":"https:\/\/brausa.es\/ca\/politica-de-galetes-cookies\/#breadcrumb","itemListElement":[{"@type":"ListItem","position":1,"name":"Portada","item":"https:\/\/brausa.es\/ca\/"},{"@type":"ListItem","position":2,"name":"Pol\u00edtica de galetes (cookies)"}]},{"@type":"WebSite","@id":"https:\/\/brausa.es\/#website","url":"https:\/\/brausa.es\/","name":"Brausa","description":"Perfiles de acero en fr\u00edo a medida","publisher":{"@id":"https:\/\/brausa.es\/#organization"},"potentialAction":[{"@type":"SearchAction","target":{"@type":"EntryPoint","urlTemplate":"https:\/\/brausa.es\/?s={search_term_string}"},"query-input":{"@type":"PropertyValueSpecification","valueRequired":true,"valueName":"search_term_string"}}],"inLanguage":"ca"},{"@type":"Organization","@id":"https:\/\/brausa.es\/#organization","name":"BRAUSA","url":"https:\/\/brausa.es\/","logo":{"@type":"ImageObject","inLanguage":"ca","@id":"https:\/\/brausa.es\/#\/schema\/logo\/image\/","url":"https:\/\/brausa.es\/wp-content\/uploads\/2021\/02\/brausa-logo-header.jpg","contentUrl":"https:\/\/brausa.es\/wp-content\/uploads\/2021\/02\/brausa-logo-header.jpg","width":233,"height":85,"caption":"BRAUSA"},"image":{"@id":"https:\/\/brausa.es\/#\/schema\/logo\/image\/"},"sameAs":["https:\/\/www.linkedin.com\/company\/brausa\/","https:\/\/www.youtube.com\/channel\/UC_l7vW5uTRKlRsJk4i1LhbQ"]}]}},"_links":{"self":[{"href":"https:\/\/brausa.es\/ca\/wp-json\/wp\/v2\/pages\/7353"}],"collection":[{"href":"https:\/\/brausa.es\/ca\/wp-json\/wp\/v2\/pages"}],"about":[{"href":"https:\/\/brausa.es\/ca\/wp-json\/wp\/v2\/types\/page"}],"author":[{"embeddable":true,"href":"https:\/\/brausa.es\/ca\/wp-json\/wp\/v2\/users\/1"}],"replies":[{"embeddable":true,"href":"https:\/\/brausa.es\/ca\/wp-json\/wp\/v2\/comments?post=7353"}],"version-history":[{"count":1,"href":"https:\/\/brausa.es\/ca\/wp-json\/wp\/v2\/pages\/7353\/revisions"}],"predecessor-version":[{"id":7354,"href":"https:\/\/brausa.es\/ca\/wp-json\/wp\/v2\/pages\/7353\/revisions\/7354"}],"wp:attachment":[{"href":"https:\/\/brausa.es\/ca\/wp-json\/wp\/v2\/media?parent=7353"}],"curies":[{"name":"wp","href":"https:\/\/api.w.org\/{rel}","templated":true}]}}