{"id":7349,"date":"2021-02-05T10:19:30","date_gmt":"2021-02-05T10:19:30","guid":{"rendered":"http:\/\/brausa.es\/?page_id=7349"},"modified":"2021-02-05T10:39:44","modified_gmt":"2021-02-05T10:39:44","slug":"avis-legal","status":"publish","type":"page","link":"https:\/\/brausa.es\/ca\/avis-legal\/","title":{"rendered":"Av\u00eds Legal"},"content":{"rendered":"\n<p><strong>BRAUSA S.A.<\/strong><br>Carretera Nacional II-a, Km. 448 &#8211;<br>C.P 25181 SOSES (Lleida) Espanya<br>Tel\u00e8fon: +34 973 790 100<br>Fax: +34 973 791 061<\/p>\n\n\n\n<p><strong>BRAUSA S.A.<\/strong> Inscrita en el Registre Mercantil de Lleida.<\/p>\n\n\n\n<p>La informaci\u00f3 continguda al lloc web de <strong>BRAUSA, SA<\/strong>, \u00e9s la vigent i ha de ser considerada com a introduct\u00f2ria per a l\u2019usuari quant a la metodologia, els productes i els serveis, entre altres informacions referents a l\u2019empresa.<\/p>\n\n\n\n<p>L\u2019usuari pot sol\u00b7licitar qualsevol informaci\u00f3 a la b\u00fastia de correu electr\u00f2nic que t\u00e9 a la seva disposici\u00f3 al mateix web.<\/p>\n\n\n\n<p><strong>BRAUSA S.A.<\/strong> no es responsabilitza del mal \u00fas de la informaci\u00f3 i els continguts i es reserva el dret d\u2019actualitzar-los quan calgui, com tamb\u00e9 eliminar-los, limitar-los o impedir-hi l\u2019acc\u00e9s de manera temporal o definitiva.<\/p>\n\n\n\n<p><strong>BRAUSA S.A.<\/strong> rebutja la responsabilitat sobre qualsevol informaci\u00f3 no continguda en aquest lloc web i, per tant, no elaborada per <strong>BRAUSA, SA<\/strong>, ni publicada en nom seu. De la mateixa manera, no es responsabilitza de la informaci\u00f3 continguda en altres p\u00e0gines connectades al web de <strong>BRAUSA, SA<\/strong>, per mitj\u00e0 d\u2019enlla\u00e7os (links).<\/p>\n\n\n\n<p><strong>BRAUSA S.A.<\/strong> no es fa responsable dels possibles errors de seguretat que es puguin produir pel fet d\u2019utilitzar ordinadors infectats amb virus inform\u00e0tics o de les conseq\u00fc\u00e8ncies que es puguin derivar del mal funcionament del navegador utilitzat.<\/p>\n\n\n\n<p>La reproducci\u00f3, la c\u00f2pia, l\u2019\u00fas, la distribuci\u00f3, la comercialitzaci\u00f3, la comunicaci\u00f3 p\u00fablica o qualsevol altre \u00fas que es pugui fer amb la informaci\u00f3 continguda a les p\u00e0gines d\u2019aquest lloc web i que es faci sense l\u2019autoritzaci\u00f3 de <strong>BRAUSA, SA<\/strong>, \u00e9s una infracci\u00f3 que castiga la legislaci\u00f3 vigent.<\/p>\n\n\n\n<p>Tots els drets de propietat industrial i intel\u00b7lectual del lloc web, com tamb\u00e9 dels elements que hi figurin, entre d\u2019altres, les imatges i el cat\u00e0leg corporatiu, pertanyen a <strong>BRAUSA S.A.<\/strong><\/p>\n","protected":false},"excerpt":{"rendered":"<p>BRAUSA S.A.Carretera Nacional II-a, Km. 448 &#8211;C.P 25181 SOSES (Lleida) EspanyaTel\u00e8fon: +34 973 790 100Fax: +34 973 791 061 BRAUSA S.A. Inscrita en el Registre Mercantil de Lleida. La informaci\u00f3 continguda al lloc web de BRAUSA, SA, \u00e9s la vigent i ha de ser considerada com a introduct\u00f2ria per a l\u2019usuari quant a la metodologia, [&hellip;]<\/p>\n","protected":false},"author":1,"featured_media":0,"parent":0,"menu_order":0,"comment_status":"closed","ping_status":"closed","template":"","meta":{"footnotes":""},"class_list":["post-7349","page","type-page","status-publish","hentry"],"yoast_head":"<!-- This site is optimized with the Yoast SEO plugin v23.4 - https:\/\/yoast.com\/wordpress\/plugins\/seo\/ -->\n<title>Av\u00eds Legal - Brausa<\/title>\n<meta name=\"robots\" content=\"index, follow, max-snippet:-1, max-image-preview:large, max-video-preview:-1\" \/>\n<link rel=\"canonical\" href=\"https:\/\/brausa.es\/ca\/avis-legal\/\" \/>\n<meta property=\"og:locale\" content=\"ca_ES\" \/>\n<meta property=\"og:type\" content=\"article\" \/>\n<meta property=\"og:title\" content=\"Av\u00eds Legal - Brausa\" \/>\n<meta property=\"og:description\" content=\"BRAUSA S.A.Carretera Nacional II-a, Km. 448 &#8211;C.P 25181 SOSES (Lleida) EspanyaTel\u00e8fon: +34 973 790 100Fax: +34 973 791 061 BRAUSA S.A. Inscrita en el Registre Mercantil de Lleida. La informaci\u00f3 continguda al lloc web de BRAUSA, SA, \u00e9s la vigent i ha de ser considerada com a introduct\u00f2ria per a l\u2019usuari quant a la metodologia, [&hellip;]\" \/>\n<meta property=\"og:url\" content=\"https:\/\/brausa.es\/ca\/avis-legal\/\" \/>\n<meta property=\"og:site_name\" content=\"Brausa\" \/>\n<meta property=\"article:modified_time\" content=\"2021-02-05T10:39:44+00:00\" \/>\n<meta name=\"twitter:card\" content=\"summary_large_image\" \/>\n<meta name=\"twitter:label1\" content=\"Est. reading time\" \/>\n\t<meta name=\"twitter:data1\" content=\"2 minutes\" \/>\n<script type=\"application\/ld+json\" class=\"yoast-schema-graph\">{\"@context\":\"https:\/\/schema.org\",\"@graph\":[{\"@type\":\"WebPage\",\"@id\":\"https:\/\/brausa.es\/ca\/avis-legal\/\",\"url\":\"https:\/\/brausa.es\/ca\/avis-legal\/\",\"name\":\"Av\u00eds Legal - Brausa\",\"isPartOf\":{\"@id\":\"https:\/\/brausa.es\/#website\"},\"datePublished\":\"2021-02-05T10:19:30+00:00\",\"dateModified\":\"2021-02-05T10:39:44+00:00\",\"breadcrumb\":{\"@id\":\"https:\/\/brausa.es\/ca\/avis-legal\/#breadcrumb\"},\"inLanguage\":\"ca\",\"potentialAction\":[{\"@type\":\"ReadAction\",\"target\":[\"https:\/\/brausa.es\/ca\/avis-legal\/\"]}]},{\"@type\":\"BreadcrumbList\",\"@id\":\"https:\/\/brausa.es\/ca\/avis-legal\/#breadcrumb\",\"itemListElement\":[{\"@type\":\"ListItem\",\"position\":1,\"name\":\"Portada\",\"item\":\"https:\/\/brausa.es\/ca\/\"},{\"@type\":\"ListItem\",\"position\":2,\"name\":\"Av\u00eds Legal\"}]},{\"@type\":\"WebSite\",\"@id\":\"https:\/\/brausa.es\/#website\",\"url\":\"https:\/\/brausa.es\/\",\"name\":\"Brausa\",\"description\":\"Perfiles de acero en fr\u00edo a medida\",\"publisher\":{\"@id\":\"https:\/\/brausa.es\/#organization\"},\"potentialAction\":[{\"@type\":\"SearchAction\",\"target\":{\"@type\":\"EntryPoint\",\"urlTemplate\":\"https:\/\/brausa.es\/?s={search_term_string}\"},\"query-input\":{\"@type\":\"PropertyValueSpecification\",\"valueRequired\":true,\"valueName\":\"search_term_string\"}}],\"inLanguage\":\"ca\"},{\"@type\":\"Organization\",\"@id\":\"https:\/\/brausa.es\/#organization\",\"name\":\"BRAUSA\",\"url\":\"https:\/\/brausa.es\/\",\"logo\":{\"@type\":\"ImageObject\",\"inLanguage\":\"ca\",\"@id\":\"https:\/\/brausa.es\/#\/schema\/logo\/image\/\",\"url\":\"https:\/\/brausa.es\/wp-content\/uploads\/2021\/02\/brausa-logo-header.jpg\",\"contentUrl\":\"https:\/\/brausa.es\/wp-content\/uploads\/2021\/02\/brausa-logo-header.jpg\",\"width\":233,\"height\":85,\"caption\":\"BRAUSA\"},\"image\":{\"@id\":\"https:\/\/brausa.es\/#\/schema\/logo\/image\/\"},\"sameAs\":[\"https:\/\/www.linkedin.com\/company\/brausa\/\",\"https:\/\/www.youtube.com\/channel\/UC_l7vW5uTRKlRsJk4i1LhbQ\"]}]}<\/script>\n<!-- \/ Yoast SEO plugin. -->","yoast_head_json":{"title":"Av\u00eds Legal - Brausa","robots":{"index":"index","follow":"follow","max-snippet":"max-snippet:-1","max-image-preview":"max-image-preview:large","max-video-preview":"max-video-preview:-1"},"canonical":"https:\/\/brausa.es\/ca\/avis-legal\/","og_locale":"ca_ES","og_type":"article","og_title":"Av\u00eds Legal - Brausa","og_description":"BRAUSA S.A.Carretera Nacional II-a, Km. 448 &#8211;C.P 25181 SOSES (Lleida) EspanyaTel\u00e8fon: +34 973 790 100Fax: +34 973 791 061 BRAUSA S.A. Inscrita en el Registre Mercantil de Lleida. La informaci\u00f3 continguda al lloc web de BRAUSA, SA, \u00e9s la vigent i ha de ser considerada com a introduct\u00f2ria per a l\u2019usuari quant a la metodologia, [&hellip;]","og_url":"https:\/\/brausa.es\/ca\/avis-legal\/","og_site_name":"Brausa","article_modified_time":"2021-02-05T10:39:44+00:00","twitter_card":"summary_large_image","twitter_misc":{"Est. reading time":"2 minutes"},"schema":{"@context":"https:\/\/schema.org","@graph":[{"@type":"WebPage","@id":"https:\/\/brausa.es\/ca\/avis-legal\/","url":"https:\/\/brausa.es\/ca\/avis-legal\/","name":"Av\u00eds Legal - Brausa","isPartOf":{"@id":"https:\/\/brausa.es\/#website"},"datePublished":"2021-02-05T10:19:30+00:00","dateModified":"2021-02-05T10:39:44+00:00","breadcrumb":{"@id":"https:\/\/brausa.es\/ca\/avis-legal\/#breadcrumb"},"inLanguage":"ca","potentialAction":[{"@type":"ReadAction","target":["https:\/\/brausa.es\/ca\/avis-legal\/"]}]},{"@type":"BreadcrumbList","@id":"https:\/\/brausa.es\/ca\/avis-legal\/#breadcrumb","itemListElement":[{"@type":"ListItem","position":1,"name":"Portada","item":"https:\/\/brausa.es\/ca\/"},{"@type":"ListItem","position":2,"name":"Av\u00eds Legal"}]},{"@type":"WebSite","@id":"https:\/\/brausa.es\/#website","url":"https:\/\/brausa.es\/","name":"Brausa","description":"Perfiles de acero en fr\u00edo a medida","publisher":{"@id":"https:\/\/brausa.es\/#organization"},"potentialAction":[{"@type":"SearchAction","target":{"@type":"EntryPoint","urlTemplate":"https:\/\/brausa.es\/?s={search_term_string}"},"query-input":{"@type":"PropertyValueSpecification","valueRequired":true,"valueName":"search_term_string"}}],"inLanguage":"ca"},{"@type":"Organization","@id":"https:\/\/brausa.es\/#organization","name":"BRAUSA","url":"https:\/\/brausa.es\/","logo":{"@type":"ImageObject","inLanguage":"ca","@id":"https:\/\/brausa.es\/#\/schema\/logo\/image\/","url":"https:\/\/brausa.es\/wp-content\/uploads\/2021\/02\/brausa-logo-header.jpg","contentUrl":"https:\/\/brausa.es\/wp-content\/uploads\/2021\/02\/brausa-logo-header.jpg","width":233,"height":85,"caption":"BRAUSA"},"image":{"@id":"https:\/\/brausa.es\/#\/schema\/logo\/image\/"},"sameAs":["https:\/\/www.linkedin.com\/company\/brausa\/","https:\/\/www.youtube.com\/channel\/UC_l7vW5uTRKlRsJk4i1LhbQ"]}]}},"_links":{"self":[{"href":"https:\/\/brausa.es\/ca\/wp-json\/wp\/v2\/pages\/7349"}],"collection":[{"href":"https:\/\/brausa.es\/ca\/wp-json\/wp\/v2\/pages"}],"about":[{"href":"https:\/\/brausa.es\/ca\/wp-json\/wp\/v2\/types\/page"}],"author":[{"embeddable":true,"href":"https:\/\/brausa.es\/ca\/wp-json\/wp\/v2\/users\/1"}],"replies":[{"embeddable":true,"href":"https:\/\/brausa.es\/ca\/wp-json\/wp\/v2\/comments?post=7349"}],"version-history":[{"count":2,"href":"https:\/\/brausa.es\/ca\/wp-json\/wp\/v2\/pages\/7349\/revisions"}],"predecessor-version":[{"id":7352,"href":"https:\/\/brausa.es\/ca\/wp-json\/wp\/v2\/pages\/7349\/revisions\/7352"}],"wp:attachment":[{"href":"https:\/\/brausa.es\/ca\/wp-json\/wp\/v2\/media?parent=7349"}],"curies":[{"name":"wp","href":"https:\/\/api.w.org\/{rel}","templated":true}]}}