{"id":7344,"date":"2021-01-25T13:19:57","date_gmt":"2021-01-25T13:19:57","guid":{"rendered":"http:\/\/brausa.es\/oficina-tecnica\/"},"modified":"2021-02-26T10:30:14","modified_gmt":"2021-02-26T10:30:14","slug":"oficina-tecnica","status":"publish","type":"page","link":"https:\/\/brausa.es\/ca\/oficina-tecnica\/","title":{"rendered":"Oficina t\u00e8cnica"},"content":{"rendered":"\t\t<div data-elementor-type=\"wp-page\" data-elementor-id=\"7344\" class=\"elementor elementor-7344 elementor-6528\">\n\t\t\t\t\t\t<section class=\"elementor-section elementor-top-section elementor-element elementor-element-8adc42a qodef-elementor-content-grid elementor-section-content-middle elementor-section-boxed elementor-section-height-default elementor-section-height-default\" data-id=\"8adc42a\" data-element_type=\"section\">\n\t\t\t\t\t\t<div class=\"elementor-container elementor-column-gap-wider\">\n\t\t\t\t\t<div class=\"elementor-column elementor-col-50 elementor-top-column elementor-element elementor-element-dfb1247\" data-id=\"dfb1247\" data-element_type=\"column\" data-settings=\"{&quot;background_background&quot;:&quot;classic&quot;}\">\n\t\t\t<div class=\"elementor-widget-wrap elementor-element-populated\">\n\t\t\t\t\t\t<div class=\"elementor-element elementor-element-810bfc5 elementor-widget elementor-widget-image\" data-id=\"810bfc5\" data-element_type=\"widget\" data-widget_type=\"image.default\">\n\t\t\t\t<div class=\"elementor-widget-container\">\n\t\t\t\t\t\t\t\t\t\t\t\t\t<img fetchpriority=\"high\" decoding=\"async\" width=\"970\" height=\"1024\" src=\"https:\/\/brausa.es\/wp-content\/uploads\/2021\/02\/oficina-tecnica-intro-970x1024.jpg\" class=\"attachment-large size-large wp-image-8773\" alt=\"Foto de programa de oficina tecnica de m\u00e1quina de producci\u00f3n de perfiles de acero conformados en fr\u00edo de Brausa\" srcset=\"https:\/\/brausa.es\/wp-content\/uploads\/2021\/02\/oficina-tecnica-intro-970x1024.jpg 970w, https:\/\/brausa.es\/wp-content\/uploads\/2021\/02\/oficina-tecnica-intro-284x300.jpg 284w, https:\/\/brausa.es\/wp-content\/uploads\/2021\/02\/oficina-tecnica-intro-768x811.jpg 768w, https:\/\/brausa.es\/wp-content\/uploads\/2021\/02\/oficina-tecnica-intro.jpg 984w\" sizes=\"(max-width: 970px) 100vw, 970px\" \/>\t\t\t\t\t\t\t\t\t\t\t\t\t<\/div>\n\t\t\t\t<\/div>\n\t\t\t\t\t<\/div>\n\t\t<\/div>\n\t\t\t\t<div class=\"elementor-column elementor-col-50 elementor-top-column elementor-element elementor-element-6a5fe5b\" data-id=\"6a5fe5b\" data-element_type=\"column\" data-settings=\"{&quot;background_background&quot;:&quot;classic&quot;}\">\n\t\t\t<div class=\"elementor-widget-wrap elementor-element-populated\">\n\t\t\t\t\t\t<div class=\"elementor-element elementor-element-57e4f11 elementor-widget elementor-widget-stal_core_section_title\" data-id=\"57e4f11\" data-element_type=\"widget\" data-widget_type=\"stal_core_section_title.default\">\n\t\t\t\t<div class=\"elementor-widget-container\">\n\t\t\t<div class=\"qodef-shortcode qodef-m  qodef-section-title qodef-alignment--left  \">\n\t\t<div class=\"qodef-m-title-wrap\">\n\t\t<h2 class=\"qodef-m-title\" >\n\t\t\t\t\tOficina t\u00e8cnica\t\t\t<\/h2>\n\t\n\t<\/div>\n\t\t<p class=\"qodef-m-text\" style=\"margin-top: 30px;font-size: 19px;line-height: 30px\">Portem m\u00e9s de 50 anys aprenent dels nostres clients, prove\u00efdors, professionals contrastats... i estudiant una gran diversitat de solucions per a diferents aplicacions en diferents sectors.\nAquesta experi\u00e8ncia, juntament amb una formaci\u00f3 cont\u00ednua, vocaci\u00f3 de servei i actitud positiva, ens converteixen en el suport perfecte per als teus projectes.<\/p>\n<\/div>\t\t<\/div>\n\t\t\t\t<\/div>\n\t\t\t\t\t<\/div>\n\t\t<\/div>\n\t\t\t\t\t<\/div>\n\t\t<\/section>\n\t\t\t\t<section class=\"elementor-section elementor-top-section elementor-element elementor-element-55a65f8 qodef-elementor-content-grid elementor-section-boxed elementor-section-height-default elementor-section-height-default\" data-id=\"55a65f8\" data-element_type=\"section\" data-settings=\"{&quot;background_background&quot;:&quot;classic&quot;}\">\n\t\t\t\t\t\t<div class=\"elementor-container elementor-column-gap-wider\">\n\t\t\t\t\t<div class=\"elementor-column elementor-col-50 elementor-top-column elementor-element elementor-element-38dae86\" data-id=\"38dae86\" data-element_type=\"column\">\n\t\t\t<div class=\"elementor-widget-wrap elementor-element-populated\">\n\t\t\t\t\t\t<div class=\"elementor-element elementor-element-0141ad0 elementor-widget elementor-widget-stal_core_section_title\" data-id=\"0141ad0\" data-element_type=\"widget\" data-widget_type=\"stal_core_section_title.default\">\n\t\t\t\t<div class=\"elementor-widget-container\">\n\t\t\t<div class=\"qodef-shortcode qodef-m  qodef-section-title qodef-alignment--left  \">\n\t\t<div class=\"qodef-m-title-wrap\">\n\t\t<h2 class=\"qodef-m-title\" >\n\t\t\t\t\tProcessos productius eficients d\u2019\u00faltima generaci\u00f3 ens permeten complir amb escreix les expectatives dels nostres clients\t\t\t<\/h2>\n\t\n\t<\/div>\n\t<\/div>\t\t<\/div>\n\t\t\t\t<\/div>\n\t\t\t\t\t<\/div>\n\t\t<\/div>\n\t\t\t\t<div class=\"elementor-column elementor-col-50 elementor-top-column elementor-element elementor-element-2d49eae\" data-id=\"2d49eae\" data-element_type=\"column\">\n\t\t\t<div class=\"elementor-widget-wrap elementor-element-populated\">\n\t\t\t\t\t\t<div class=\"elementor-element elementor-element-7a3481d elementor-widget elementor-widget-image\" data-id=\"7a3481d\" data-element_type=\"widget\" data-widget_type=\"image.default\">\n\t\t\t\t<div class=\"elementor-widget-container\">\n\t\t\t\t\t\t\t\t\t\t\t\t\t<img decoding=\"async\" width=\"1000\" height=\"666\" src=\"https:\/\/brausa.es\/wp-content\/uploads\/2021\/02\/brausa-140.jpg\" class=\"attachment-large size-large wp-image-8374\" alt=\"Foto operario t\u00e9cnico con m\u00e1quina de producci\u00f3n de perfiles de acero conformados en fr\u00edo de Brausa\" srcset=\"https:\/\/brausa.es\/wp-content\/uploads\/2021\/02\/brausa-140.jpg 1000w, https:\/\/brausa.es\/wp-content\/uploads\/2021\/02\/brausa-140-300x200.jpg 300w, https:\/\/brausa.es\/wp-content\/uploads\/2021\/02\/brausa-140-768x511.jpg 768w\" sizes=\"(max-width: 1000px) 100vw, 1000px\" \/>\t\t\t\t\t\t\t\t\t\t\t\t\t<\/div>\n\t\t\t\t<\/div>\n\t\t\t\t\t<\/div>\n\t\t<\/div>\n\t\t\t\t\t<\/div>\n\t\t<\/section>\n\t\t\t\t<section class=\"elementor-section elementor-top-section elementor-element elementor-element-8c933b1 qodef-elementor-content-grid elementor-section-boxed elementor-section-height-default elementor-section-height-default\" data-id=\"8c933b1\" data-element_type=\"section\" data-settings=\"{&quot;background_background&quot;:&quot;classic&quot;}\">\n\t\t\t\t\t\t<div class=\"elementor-container elementor-column-gap-wider\">\n\t\t\t\t\t<div class=\"elementor-column elementor-col-50 elementor-top-column elementor-element elementor-element-d2b6225\" data-id=\"d2b6225\" data-element_type=\"column\">\n\t\t\t<div class=\"elementor-widget-wrap elementor-element-populated\">\n\t\t\t\t\t\t<div class=\"elementor-element elementor-element-bf45234 elementor-widget elementor-widget-image\" data-id=\"bf45234\" data-element_type=\"widget\" data-widget_type=\"image.default\">\n\t\t\t\t<div class=\"elementor-widget-container\">\n\t\t\t\t\t\t\t\t\t\t\t\t\t<img decoding=\"async\" width=\"1000\" height=\"666\" src=\"https:\/\/brausa.es\/wp-content\/uploads\/2021\/02\/brausa-104b.jpg\" class=\"attachment-large size-large wp-image-8370\" alt=\"Foto videocall de estructura met\u00e1lica realizada con perfiles de acero conformados en fr\u00edo de Brausa\" srcset=\"https:\/\/brausa.es\/wp-content\/uploads\/2021\/02\/brausa-104b.jpg 1000w, https:\/\/brausa.es\/wp-content\/uploads\/2021\/02\/brausa-104b-300x200.jpg 300w, https:\/\/brausa.es\/wp-content\/uploads\/2021\/02\/brausa-104b-768x511.jpg 768w\" sizes=\"(max-width: 1000px) 100vw, 1000px\" \/>\t\t\t\t\t\t\t\t\t\t\t\t\t<\/div>\n\t\t\t\t<\/div>\n\t\t\t\t\t<\/div>\n\t\t<\/div>\n\t\t\t\t<div class=\"elementor-column elementor-col-50 elementor-top-column elementor-element elementor-element-c4f6339\" data-id=\"c4f6339\" data-element_type=\"column\">\n\t\t\t<div class=\"elementor-widget-wrap elementor-element-populated\">\n\t\t\t\t\t\t<div class=\"elementor-element elementor-element-667c022 elementor-widget elementor-widget-stal_core_section_title\" data-id=\"667c022\" data-element_type=\"widget\" data-widget_type=\"stal_core_section_title.default\">\n\t\t\t\t<div class=\"elementor-widget-container\">\n\t\t\t<div class=\"qodef-shortcode qodef-m  qodef-section-title qodef-alignment--left  \">\n\t\t<div class=\"qodef-m-title-wrap\">\n\t\t<h2 class=\"qodef-m-title\" style=\"color: #FFFFFF\">\n\t\t\t\t\tMeetings virtuals\t\t\t<\/h2>\n\t\n\t<\/div>\n\t\t<p class=\"qodef-m-text\" style=\"margin-top: 30px;font-size: 19px;line-height: 30px;color: #FFFFFF\">Ens hem preparat digitalment per mantenir reunions interactives a dist\u00e0ncia mitjan\u00e7ant visites virtuals, continguts adaptats i l\u2019\u00fas d\u2019eines digitals per facilitar una experi\u00e8ncia totalment constructiva. Aix\u00f2 ens permet trobar solucions de manera r\u00e0pida i eficient.<\/p>\n<\/div>\t\t<\/div>\n\t\t\t\t<\/div>\n\t\t\t\t<div class=\"elementor-element elementor-element-ea9e671 elementor-widget elementor-widget-stal_core_button\" data-id=\"ea9e671\" data-element_type=\"widget\" data-widget_type=\"stal_core_button.default\">\n\t\t\t\t<div class=\"elementor-widget-container\">\n\t\t\t<a class=\"qodef-shortcode qodef-m  qodef-button qodef-layout--filled  qodef-html--link\" href=\"\/contacto\/\" target=\"_self\"  style=\"background-color: #D8292F\">\n\t<span class=\"qodef-m-text\">\n        Per a m\u00e9s informaci\u00f3, contacta amb nosaltres        <svg class=\"qodef-m-arrowline\" xmlns=\"http:\/\/www.w3.org\/2000\/svg\" xmlns:xlink=\"http:\/\/www.w3.org\/1999\/xlink\" x=\"0px\" y=\"0px\" viewBox=\"0 0 63 20\" xml:space=\"preserve\">\n                            <line x1=\"61.6\" y1=\"10\" x2=\"61.6\" y2=\"10\"\/>\n                            <line x1=\"62\" y1=\"10\" x2=\"61.6\" y2=\"10\"\/>\n                            <line x1=\"61.6\" y1=\"10\" x2=\"1\" y2=\"10\"\/>\n                            <path d=\"M61.6,10\"\/>\n                            <line x1=\"61.6\" y1=\"10\" x2=\"61.6\" y2=\"10\"\/>\n                            <line class=\"arrow-up\" x1=\"56.7\" y1=\"5.1\" x2=\"61.6\" y2=\"10\"\/>\n                            <path d=\"M61.6,10\"\/>\n                            <line x1=\"61.6\" y1=\"10\" x2=\"61.6\" y2=\"10\"\/>\n                            <line class=\"arrow-down\" x1=\"61.6\" y1=\"10\" x2=\"56.7\" y2=\"14.9\"\/>\n                        <\/svg>    <\/span>\n<\/a>\t\t<\/div>\n\t\t\t\t<\/div>\n\t\t\t\t\t<\/div>\n\t\t<\/div>\n\t\t\t\t\t<\/div>\n\t\t<\/section>\n\t\t\t\t<\/div>\n\t\t","protected":false},"excerpt":{"rendered":"<p>Oficina t\u00e8cnica Portem m\u00e9s de 50 anys aprenent dels nostres clients, prove\u00efdors, professionals contrastats&#8230; i estudiant una gran diversitat de solucions per a diferents aplicacions en diferents sectors. Aquesta experi\u00e8ncia, juntament amb una formaci\u00f3 cont\u00ednua, vocaci\u00f3 de servei i actitud positiva, ens converteixen en el suport perfecte per als teus projectes. Processos productius eficients d\u2019\u00faltima [&hellip;]<\/p>\n","protected":false},"author":1,"featured_media":0,"parent":0,"menu_order":0,"comment_status":"closed","ping_status":"closed","template":"page-full-width.php","meta":{"footnotes":""},"class_list":["post-7344","page","type-page","status-publish","hentry"],"yoast_head":"<!-- This site is optimized with the Yoast SEO plugin v23.4 - https:\/\/yoast.com\/wordpress\/plugins\/seo\/ -->\n<title>Oficina t\u00e8cnica - Brausa<\/title>\n<meta name=\"robots\" content=\"index, follow, max-snippet:-1, max-image-preview:large, max-video-preview:-1\" \/>\n<link rel=\"canonical\" href=\"https:\/\/brausa.es\/ca\/oficina-tecnica\/\" \/>\n<meta property=\"og:locale\" content=\"ca_ES\" \/>\n<meta property=\"og:type\" content=\"article\" \/>\n<meta property=\"og:title\" content=\"Oficina t\u00e8cnica - Brausa\" \/>\n<meta property=\"og:description\" content=\"Oficina t\u00e8cnica Portem m\u00e9s de 50 anys aprenent dels nostres clients, prove\u00efdors, professionals contrastats&#8230; i estudiant una gran diversitat de solucions per a diferents aplicacions en diferents sectors. Aquesta experi\u00e8ncia, juntament amb una formaci\u00f3 cont\u00ednua, vocaci\u00f3 de servei i actitud positiva, ens converteixen en el suport perfecte per als teus projectes. Processos productius eficients d\u2019\u00faltima [&hellip;]\" \/>\n<meta property=\"og:url\" content=\"https:\/\/brausa.es\/ca\/oficina-tecnica\/\" \/>\n<meta property=\"og:site_name\" content=\"Brausa\" \/>\n<meta property=\"article:modified_time\" content=\"2021-02-26T10:30:14+00:00\" \/>\n<meta property=\"og:image\" content=\"http:\/\/brausa.es\/wp-content\/uploads\/2021\/02\/oficina-tecnica-intro-970x1024.jpg\" \/>\n<meta name=\"twitter:card\" content=\"summary_large_image\" \/>\n<meta name=\"twitter:label1\" content=\"Est. reading time\" \/>\n\t<meta name=\"twitter:data1\" content=\"1 minute\" \/>\n<script type=\"application\/ld+json\" class=\"yoast-schema-graph\">{\"@context\":\"https:\/\/schema.org\",\"@graph\":[{\"@type\":\"WebPage\",\"@id\":\"https:\/\/brausa.es\/ca\/oficina-tecnica\/\",\"url\":\"https:\/\/brausa.es\/ca\/oficina-tecnica\/\",\"name\":\"Oficina t\u00e8cnica - Brausa\",\"isPartOf\":{\"@id\":\"https:\/\/brausa.es\/#website\"},\"primaryImageOfPage\":{\"@id\":\"https:\/\/brausa.es\/ca\/oficina-tecnica\/#primaryimage\"},\"image\":{\"@id\":\"https:\/\/brausa.es\/ca\/oficina-tecnica\/#primaryimage\"},\"thumbnailUrl\":\"http:\/\/brausa.es\/wp-content\/uploads\/2021\/02\/oficina-tecnica-intro-970x1024.jpg\",\"datePublished\":\"2021-01-25T13:19:57+00:00\",\"dateModified\":\"2021-02-26T10:30:14+00:00\",\"breadcrumb\":{\"@id\":\"https:\/\/brausa.es\/ca\/oficina-tecnica\/#breadcrumb\"},\"inLanguage\":\"ca\",\"potentialAction\":[{\"@type\":\"ReadAction\",\"target\":[\"https:\/\/brausa.es\/ca\/oficina-tecnica\/\"]}]},{\"@type\":\"ImageObject\",\"inLanguage\":\"ca\",\"@id\":\"https:\/\/brausa.es\/ca\/oficina-tecnica\/#primaryimage\",\"url\":\"http:\/\/brausa.es\/wp-content\/uploads\/2021\/02\/oficina-tecnica-intro-970x1024.jpg\",\"contentUrl\":\"http:\/\/brausa.es\/wp-content\/uploads\/2021\/02\/oficina-tecnica-intro-970x1024.jpg\"},{\"@type\":\"BreadcrumbList\",\"@id\":\"https:\/\/brausa.es\/ca\/oficina-tecnica\/#breadcrumb\",\"itemListElement\":[{\"@type\":\"ListItem\",\"position\":1,\"name\":\"Portada\",\"item\":\"https:\/\/brausa.es\/ca\/\"},{\"@type\":\"ListItem\",\"position\":2,\"name\":\"Oficina t\u00e8cnica\"}]},{\"@type\":\"WebSite\",\"@id\":\"https:\/\/brausa.es\/#website\",\"url\":\"https:\/\/brausa.es\/\",\"name\":\"Brausa\",\"description\":\"Perfiles de acero en fr\u00edo a medida\",\"publisher\":{\"@id\":\"https:\/\/brausa.es\/#organization\"},\"potentialAction\":[{\"@type\":\"SearchAction\",\"target\":{\"@type\":\"EntryPoint\",\"urlTemplate\":\"https:\/\/brausa.es\/?s={search_term_string}\"},\"query-input\":{\"@type\":\"PropertyValueSpecification\",\"valueRequired\":true,\"valueName\":\"search_term_string\"}}],\"inLanguage\":\"ca\"},{\"@type\":\"Organization\",\"@id\":\"https:\/\/brausa.es\/#organization\",\"name\":\"BRAUSA\",\"url\":\"https:\/\/brausa.es\/\",\"logo\":{\"@type\":\"ImageObject\",\"inLanguage\":\"ca\",\"@id\":\"https:\/\/brausa.es\/#\/schema\/logo\/image\/\",\"url\":\"https:\/\/brausa.es\/wp-content\/uploads\/2021\/02\/brausa-logo-header.jpg\",\"contentUrl\":\"https:\/\/brausa.es\/wp-content\/uploads\/2021\/02\/brausa-logo-header.jpg\",\"width\":233,\"height\":85,\"caption\":\"BRAUSA\"},\"image\":{\"@id\":\"https:\/\/brausa.es\/#\/schema\/logo\/image\/\"},\"sameAs\":[\"https:\/\/www.linkedin.com\/company\/brausa\/\",\"https:\/\/www.youtube.com\/channel\/UC_l7vW5uTRKlRsJk4i1LhbQ\"]}]}<\/script>\n<!-- \/ Yoast SEO plugin. -->","yoast_head_json":{"title":"Oficina t\u00e8cnica - Brausa","robots":{"index":"index","follow":"follow","max-snippet":"max-snippet:-1","max-image-preview":"max-image-preview:large","max-video-preview":"max-video-preview:-1"},"canonical":"https:\/\/brausa.es\/ca\/oficina-tecnica\/","og_locale":"ca_ES","og_type":"article","og_title":"Oficina t\u00e8cnica - Brausa","og_description":"Oficina t\u00e8cnica Portem m\u00e9s de 50 anys aprenent dels nostres clients, prove\u00efdors, professionals contrastats&#8230; i estudiant una gran diversitat de solucions per a diferents aplicacions en diferents sectors. Aquesta experi\u00e8ncia, juntament amb una formaci\u00f3 cont\u00ednua, vocaci\u00f3 de servei i actitud positiva, ens converteixen en el suport perfecte per als teus projectes. Processos productius eficients d\u2019\u00faltima [&hellip;]","og_url":"https:\/\/brausa.es\/ca\/oficina-tecnica\/","og_site_name":"Brausa","article_modified_time":"2021-02-26T10:30:14+00:00","og_image":[{"url":"http:\/\/brausa.es\/wp-content\/uploads\/2021\/02\/oficina-tecnica-intro-970x1024.jpg"}],"twitter_card":"summary_large_image","twitter_misc":{"Est. reading time":"1 minute"},"schema":{"@context":"https:\/\/schema.org","@graph":[{"@type":"WebPage","@id":"https:\/\/brausa.es\/ca\/oficina-tecnica\/","url":"https:\/\/brausa.es\/ca\/oficina-tecnica\/","name":"Oficina t\u00e8cnica - Brausa","isPartOf":{"@id":"https:\/\/brausa.es\/#website"},"primaryImageOfPage":{"@id":"https:\/\/brausa.es\/ca\/oficina-tecnica\/#primaryimage"},"image":{"@id":"https:\/\/brausa.es\/ca\/oficina-tecnica\/#primaryimage"},"thumbnailUrl":"http:\/\/brausa.es\/wp-content\/uploads\/2021\/02\/oficina-tecnica-intro-970x1024.jpg","datePublished":"2021-01-25T13:19:57+00:00","dateModified":"2021-02-26T10:30:14+00:00","breadcrumb":{"@id":"https:\/\/brausa.es\/ca\/oficina-tecnica\/#breadcrumb"},"inLanguage":"ca","potentialAction":[{"@type":"ReadAction","target":["https:\/\/brausa.es\/ca\/oficina-tecnica\/"]}]},{"@type":"ImageObject","inLanguage":"ca","@id":"https:\/\/brausa.es\/ca\/oficina-tecnica\/#primaryimage","url":"http:\/\/brausa.es\/wp-content\/uploads\/2021\/02\/oficina-tecnica-intro-970x1024.jpg","contentUrl":"http:\/\/brausa.es\/wp-content\/uploads\/2021\/02\/oficina-tecnica-intro-970x1024.jpg"},{"@type":"BreadcrumbList","@id":"https:\/\/brausa.es\/ca\/oficina-tecnica\/#breadcrumb","itemListElement":[{"@type":"ListItem","position":1,"name":"Portada","item":"https:\/\/brausa.es\/ca\/"},{"@type":"ListItem","position":2,"name":"Oficina t\u00e8cnica"}]},{"@type":"WebSite","@id":"https:\/\/brausa.es\/#website","url":"https:\/\/brausa.es\/","name":"Brausa","description":"Perfiles de acero en fr\u00edo a medida","publisher":{"@id":"https:\/\/brausa.es\/#organization"},"potentialAction":[{"@type":"SearchAction","target":{"@type":"EntryPoint","urlTemplate":"https:\/\/brausa.es\/?s={search_term_string}"},"query-input":{"@type":"PropertyValueSpecification","valueRequired":true,"valueName":"search_term_string"}}],"inLanguage":"ca"},{"@type":"Organization","@id":"https:\/\/brausa.es\/#organization","name":"BRAUSA","url":"https:\/\/brausa.es\/","logo":{"@type":"ImageObject","inLanguage":"ca","@id":"https:\/\/brausa.es\/#\/schema\/logo\/image\/","url":"https:\/\/brausa.es\/wp-content\/uploads\/2021\/02\/brausa-logo-header.jpg","contentUrl":"https:\/\/brausa.es\/wp-content\/uploads\/2021\/02\/brausa-logo-header.jpg","width":233,"height":85,"caption":"BRAUSA"},"image":{"@id":"https:\/\/brausa.es\/#\/schema\/logo\/image\/"},"sameAs":["https:\/\/www.linkedin.com\/company\/brausa\/","https:\/\/www.youtube.com\/channel\/UC_l7vW5uTRKlRsJk4i1LhbQ"]}]}},"_links":{"self":[{"href":"https:\/\/brausa.es\/ca\/wp-json\/wp\/v2\/pages\/7344"}],"collection":[{"href":"https:\/\/brausa.es\/ca\/wp-json\/wp\/v2\/pages"}],"about":[{"href":"https:\/\/brausa.es\/ca\/wp-json\/wp\/v2\/types\/page"}],"author":[{"embeddable":true,"href":"https:\/\/brausa.es\/ca\/wp-json\/wp\/v2\/users\/1"}],"replies":[{"embeddable":true,"href":"https:\/\/brausa.es\/ca\/wp-json\/wp\/v2\/comments?post=7344"}],"version-history":[{"count":15,"href":"https:\/\/brausa.es\/ca\/wp-json\/wp\/v2\/pages\/7344\/revisions"}],"predecessor-version":[{"id":8961,"href":"https:\/\/brausa.es\/ca\/wp-json\/wp\/v2\/pages\/7344\/revisions\/8961"}],"wp:attachment":[{"href":"https:\/\/brausa.es\/ca\/wp-json\/wp\/v2\/media?parent=7344"}],"curies":[{"name":"wp","href":"https:\/\/api.w.org\/{rel}","templated":true}]}}