{"id":7337,"date":"2021-01-25T13:42:27","date_gmt":"2021-01-25T13:42:27","guid":{"rendered":"http:\/\/brausa.es\/medios-productivos\/"},"modified":"2021-02-24T10:37:03","modified_gmt":"2021-02-24T10:37:03","slug":"mitjans-productius","status":"publish","type":"page","link":"https:\/\/brausa.es\/ca\/mitjans-productius\/","title":{"rendered":"Mitjans productius"},"content":{"rendered":"\t\t<div data-elementor-type=\"wp-page\" data-elementor-id=\"7337\" class=\"elementor elementor-7337 elementor-6539\">\n\t\t\t\t\t\t<section class=\"elementor-section elementor-top-section elementor-element elementor-element-4db80bf qodef-elementor-content-grid elementor-section-boxed elementor-section-height-default elementor-section-height-default\" data-id=\"4db80bf\" data-element_type=\"section\">\n\t\t\t\t\t\t<div class=\"elementor-container elementor-column-gap-default\">\n\t\t\t\t\t<div class=\"elementor-column elementor-col-100 elementor-top-column elementor-element elementor-element-f4dfd65\" data-id=\"f4dfd65\" data-element_type=\"column\" data-settings=\"{&quot;background_background&quot;:&quot;classic&quot;}\">\n\t\t\t<div class=\"elementor-widget-wrap elementor-element-populated\">\n\t\t\t\t\t\t<div class=\"elementor-element elementor-element-57e4f11 elementor-widget elementor-widget-stal_core_section_title\" data-id=\"57e4f11\" data-element_type=\"widget\" data-widget_type=\"stal_core_section_title.default\">\n\t\t\t\t<div class=\"elementor-widget-container\">\n\t\t\t<div class=\"qodef-shortcode qodef-m  qodef-section-title qodef-alignment--left  \">\n\t\t<div class=\"qodef-m-title-wrap\">\n\t\t<h2 class=\"qodef-m-title\" >\n\t\t\t\t\tMitjans productius\t\t\t<\/h2>\n\t\n\t<\/div>\n\t\t<p class=\"qodef-m-text\" style=\"margin-top: 30px;font-size: 19px;line-height: 30px\">Inversions i modernitzacions cont\u00ednues doten les nostres instal\u00b7lacions dels mitjans de producci\u00f3, programaci\u00f3, automatitzaci\u00f3 i control de proc\u00e9s m\u00e9s moderns, la qual cosa ens permet donar resposta a les exig\u00e8ncies del mercat actual.<\/p>\n<\/div>\t\t<\/div>\n\t\t\t\t<\/div>\n\t\t\t\t\t<\/div>\n\t\t<\/div>\n\t\t\t\t\t<\/div>\n\t\t<\/section>\n\t\t\t\t<section class=\"elementor-section elementor-top-section elementor-element elementor-element-f297bbf elementor-section-full_width elementor-section-height-default elementor-section-height-default qodef-elementor-content-no\" data-id=\"f297bbf\" data-element_type=\"section\" data-settings=\"{&quot;background_background&quot;:&quot;classic&quot;}\">\n\t\t\t\t\t\t<div class=\"elementor-container elementor-column-gap-default\">\n\t\t\t\t\t<div class=\"elementor-column elementor-col-50 elementor-top-column elementor-element elementor-element-5ac82a4\" data-id=\"5ac82a4\" data-element_type=\"column\" data-settings=\"{&quot;background_background&quot;:&quot;classic&quot;}\">\n\t\t\t<div class=\"elementor-widget-wrap elementor-element-populated\">\n\t\t\t\t\t\t<div class=\"elementor-element elementor-element-69f2d6f elementor-widget elementor-widget-spacer\" data-id=\"69f2d6f\" data-element_type=\"widget\" data-widget_type=\"spacer.default\">\n\t\t\t\t<div class=\"elementor-widget-container\">\n\t\t\t\t\t<div class=\"elementor-spacer\">\n\t\t\t<div class=\"elementor-spacer-inner\"><\/div>\n\t\t<\/div>\n\t\t\t\t<\/div>\n\t\t\t\t<\/div>\n\t\t\t\t\t<\/div>\n\t\t<\/div>\n\t\t\t\t<div class=\"elementor-column elementor-col-50 elementor-top-column elementor-element elementor-element-b1064ad\" data-id=\"b1064ad\" data-element_type=\"column\">\n\t\t\t<div class=\"elementor-widget-wrap elementor-element-populated\">\n\t\t\t\t\t\t<div class=\"elementor-element elementor-element-cb9515a elementor-widget elementor-widget-stal_core_section_title\" data-id=\"cb9515a\" data-element_type=\"widget\" data-widget_type=\"stal_core_section_title.default\">\n\t\t\t\t<div class=\"elementor-widget-container\">\n\t\t\t<div class=\"qodef-shortcode qodef-m  qodef-section-title qodef-alignment--left  \">\n\t\t<div class=\"qodef-m-title-wrap\">\n\t\t<h3 class=\"qodef-m-title\" >\n\t\t\t\t\tPerfiladores\t\t\t<\/h3>\n\t\n\t<\/div>\n\t\t<p class=\"qodef-m-text\" style=\"font-size: 19px;line-height: 30px\">L\u00ednies de perfilat flexibles que s\u2019adapten als requisits del perfil d\u2019acer. Longitud m\u00e0xima del perfil de 25 metres i gruix m\u00e0xim de 8 mil\u00b7l\u00edmetres.<\/p>\n<\/div>\t\t<\/div>\n\t\t\t\t<\/div>\n\t\t\t\t\t<\/div>\n\t\t<\/div>\n\t\t\t\t\t<\/div>\n\t\t<\/section>\n\t\t\t\t<section class=\"elementor-section elementor-top-section elementor-element elementor-element-22b1060 elementor-section-full_width elementor-section-height-default elementor-section-height-default qodef-elementor-content-no\" data-id=\"22b1060\" data-element_type=\"section\" data-settings=\"{&quot;background_background&quot;:&quot;classic&quot;}\">\n\t\t\t\t\t\t<div class=\"elementor-container elementor-column-gap-default\">\n\t\t\t\t\t<div class=\"elementor-column elementor-col-50 elementor-top-column elementor-element elementor-element-0a11850\" data-id=\"0a11850\" data-element_type=\"column\" data-settings=\"{&quot;background_background&quot;:&quot;classic&quot;}\">\n\t\t\t<div class=\"elementor-widget-wrap elementor-element-populated\">\n\t\t\t\t\t\t<div class=\"elementor-element elementor-element-e8c6ee8 elementor-widget elementor-widget-stal_core_section_title\" data-id=\"e8c6ee8\" data-element_type=\"widget\" data-widget_type=\"stal_core_section_title.default\">\n\t\t\t\t<div class=\"elementor-widget-container\">\n\t\t\t<div class=\"qodef-shortcode qodef-m  qodef-section-title qodef-alignment--left  \">\n\t\t<div class=\"qodef-m-title-wrap\">\n\t\t<h3 class=\"qodef-m-title\" >\n\t\t\t\t\tPlegat\t\t\t<\/h3>\n\t\n\t<\/div>\n\t\t<p class=\"qodef-m-text\" style=\"font-size: 19px;line-height: 30px\">2 plegadores de 7 metres disposades en t\u00e0ndem, longitud m\u00e0xima de plegat de 14 metres.<\/p>\n<\/div>\t\t<\/div>\n\t\t\t\t<\/div>\n\t\t\t\t\t<\/div>\n\t\t<\/div>\n\t\t\t\t<div class=\"elementor-column elementor-col-50 elementor-top-column elementor-element elementor-element-39d3674\" data-id=\"39d3674\" data-element_type=\"column\" data-settings=\"{&quot;background_background&quot;:&quot;classic&quot;}\">\n\t\t\t<div class=\"elementor-widget-wrap elementor-element-populated\">\n\t\t\t\t\t\t<div class=\"elementor-element elementor-element-ffae907 elementor-widget elementor-widget-spacer\" data-id=\"ffae907\" data-element_type=\"widget\" data-widget_type=\"spacer.default\">\n\t\t\t\t<div class=\"elementor-widget-container\">\n\t\t\t\t\t<div class=\"elementor-spacer\">\n\t\t\t<div class=\"elementor-spacer-inner\"><\/div>\n\t\t<\/div>\n\t\t\t\t<\/div>\n\t\t\t\t<\/div>\n\t\t\t\t\t<\/div>\n\t\t<\/div>\n\t\t\t\t\t<\/div>\n\t\t<\/section>\n\t\t\t\t<section class=\"elementor-section elementor-top-section elementor-element elementor-element-f5a20fe elementor-section-full_width elementor-section-height-default elementor-section-height-default qodef-elementor-content-no\" data-id=\"f5a20fe\" data-element_type=\"section\" data-settings=\"{&quot;background_background&quot;:&quot;classic&quot;}\">\n\t\t\t\t\t\t<div class=\"elementor-container elementor-column-gap-default\">\n\t\t\t\t\t<div class=\"elementor-column elementor-col-50 elementor-top-column elementor-element elementor-element-d4e70d3\" data-id=\"d4e70d3\" data-element_type=\"column\" data-settings=\"{&quot;background_background&quot;:&quot;classic&quot;}\">\n\t\t\t<div class=\"elementor-widget-wrap elementor-element-populated\">\n\t\t\t\t\t\t<div class=\"elementor-element elementor-element-14150bd elementor-widget elementor-widget-spacer\" data-id=\"14150bd\" data-element_type=\"widget\" data-widget_type=\"spacer.default\">\n\t\t\t\t<div class=\"elementor-widget-container\">\n\t\t\t\t\t<div class=\"elementor-spacer\">\n\t\t\t<div class=\"elementor-spacer-inner\"><\/div>\n\t\t<\/div>\n\t\t\t\t<\/div>\n\t\t\t\t<\/div>\n\t\t\t\t\t<\/div>\n\t\t<\/div>\n\t\t\t\t<div class=\"elementor-column elementor-col-50 elementor-top-column elementor-element elementor-element-9f252ee\" data-id=\"9f252ee\" data-element_type=\"column\">\n\t\t\t<div class=\"elementor-widget-wrap elementor-element-populated\">\n\t\t\t\t\t\t<div class=\"elementor-element elementor-element-9d3fcaf elementor-widget elementor-widget-stal_core_section_title\" data-id=\"9d3fcaf\" data-element_type=\"widget\" data-widget_type=\"stal_core_section_title.default\">\n\t\t\t\t<div class=\"elementor-widget-container\">\n\t\t\t<div class=\"qodef-shortcode qodef-m  qodef-section-title qodef-alignment--left  \">\n\t\t<div class=\"qodef-m-title-wrap\">\n\t\t<h3 class=\"qodef-m-title\" >\n\t\t\t\t\tPunxonament\t\t\t<\/h3>\n\t\n\t<\/div>\n\t\t<p class=\"qodef-m-text\" style=\"font-size: 19px;line-height: 30px\">Sistemes de punxonament flexibles capa\u00e7os d\u2019oferir mecanitzacions molt diverses.<\/p>\n<\/div>\t\t<\/div>\n\t\t\t\t<\/div>\n\t\t\t\t\t<\/div>\n\t\t<\/div>\n\t\t\t\t\t<\/div>\n\t\t<\/section>\n\t\t\t\t<section class=\"elementor-section elementor-top-section elementor-element elementor-element-67c6633 elementor-section-full_width elementor-section-height-default elementor-section-height-default qodef-elementor-content-no\" data-id=\"67c6633\" data-element_type=\"section\" data-settings=\"{&quot;background_background&quot;:&quot;classic&quot;}\">\n\t\t\t\t\t\t<div class=\"elementor-container elementor-column-gap-default\">\n\t\t\t\t\t<div class=\"elementor-column elementor-col-50 elementor-top-column elementor-element elementor-element-d22ee75\" data-id=\"d22ee75\" data-element_type=\"column\" data-settings=\"{&quot;background_background&quot;:&quot;classic&quot;}\">\n\t\t\t<div class=\"elementor-widget-wrap elementor-element-populated\">\n\t\t\t\t\t\t<div class=\"elementor-element elementor-element-89a0972 elementor-widget elementor-widget-stal_core_section_title\" data-id=\"89a0972\" data-element_type=\"widget\" data-widget_type=\"stal_core_section_title.default\">\n\t\t\t\t<div class=\"elementor-widget-container\">\n\t\t\t<div class=\"qodef-shortcode qodef-m  qodef-section-title qodef-alignment--left  \">\n\t\t<div class=\"qodef-m-title-wrap\">\n\t\t<h3 class=\"qodef-m-title\" >\n\t\t\t\t\t2 l\u00ednies de tall de bobines\t\t\t<\/h3>\n\t\n\t<\/div>\n\t\t<p class=\"qodef-m-text\" style=\"font-size: 19px;line-height: 30px\">Versatilitat i gran flexibilitat quant a la disponibilitat del material.<\/p>\n<\/div>\t\t<\/div>\n\t\t\t\t<\/div>\n\t\t\t\t\t<\/div>\n\t\t<\/div>\n\t\t\t\t<div class=\"elementor-column elementor-col-50 elementor-top-column elementor-element elementor-element-65da875\" data-id=\"65da875\" data-element_type=\"column\" data-settings=\"{&quot;background_background&quot;:&quot;classic&quot;}\">\n\t\t\t<div class=\"elementor-widget-wrap elementor-element-populated\">\n\t\t\t\t\t\t<div class=\"elementor-element elementor-element-3e31db8 elementor-widget elementor-widget-spacer\" data-id=\"3e31db8\" data-element_type=\"widget\" data-widget_type=\"spacer.default\">\n\t\t\t\t<div class=\"elementor-widget-container\">\n\t\t\t\t\t<div class=\"elementor-spacer\">\n\t\t\t<div class=\"elementor-spacer-inner\"><\/div>\n\t\t<\/div>\n\t\t\t\t<\/div>\n\t\t\t\t<\/div>\n\t\t\t\t\t<\/div>\n\t\t<\/div>\n\t\t\t\t\t<\/div>\n\t\t<\/section>\n\t\t\t\t<\/div>\n\t\t","protected":false},"excerpt":{"rendered":"<p>Mitjans productius Inversions i modernitzacions cont\u00ednues doten les nostres instal\u00b7lacions dels mitjans de producci\u00f3, programaci\u00f3, automatitzaci\u00f3 i control de proc\u00e9s m\u00e9s moderns, la qual cosa ens permet donar resposta a les exig\u00e8ncies del mercat actual. Perfiladores L\u00ednies de perfilat flexibles que s\u2019adapten als requisits del perfil d\u2019acer. Longitud m\u00e0xima del perfil de 25 metres i [&hellip;]<\/p>\n","protected":false},"author":1,"featured_media":0,"parent":0,"menu_order":0,"comment_status":"closed","ping_status":"closed","template":"page-full-width.php","meta":{"footnotes":""},"class_list":["post-7337","page","type-page","status-publish","hentry"],"yoast_head":"<!-- This site is optimized with the Yoast SEO plugin v23.4 - https:\/\/yoast.com\/wordpress\/plugins\/seo\/ -->\n<title>Mitjans productius - Brausa<\/title>\n<meta name=\"robots\" content=\"index, follow, max-snippet:-1, max-image-preview:large, max-video-preview:-1\" \/>\n<link rel=\"canonical\" href=\"https:\/\/brausa.es\/ca\/mitjans-productius\/\" \/>\n<meta property=\"og:locale\" content=\"ca_ES\" \/>\n<meta property=\"og:type\" content=\"article\" \/>\n<meta property=\"og:title\" content=\"Mitjans productius - Brausa\" \/>\n<meta property=\"og:description\" content=\"Mitjans productius Inversions i modernitzacions cont\u00ednues doten les nostres instal\u00b7lacions dels mitjans de producci\u00f3, programaci\u00f3, automatitzaci\u00f3 i control de proc\u00e9s m\u00e9s moderns, la qual cosa ens permet donar resposta a les exig\u00e8ncies del mercat actual. Perfiladores L\u00ednies de perfilat flexibles que s\u2019adapten als requisits del perfil d\u2019acer. Longitud m\u00e0xima del perfil de 25 metres i [&hellip;]\" \/>\n<meta property=\"og:url\" content=\"https:\/\/brausa.es\/ca\/mitjans-productius\/\" \/>\n<meta property=\"og:site_name\" content=\"Brausa\" \/>\n<meta property=\"article:modified_time\" content=\"2021-02-24T10:37:03+00:00\" \/>\n<meta name=\"twitter:card\" content=\"summary_large_image\" \/>\n<meta name=\"twitter:label1\" content=\"Est. reading time\" \/>\n\t<meta name=\"twitter:data1\" content=\"1 minute\" \/>\n<script type=\"application\/ld+json\" class=\"yoast-schema-graph\">{\"@context\":\"https:\/\/schema.org\",\"@graph\":[{\"@type\":\"WebPage\",\"@id\":\"https:\/\/brausa.es\/ca\/mitjans-productius\/\",\"url\":\"https:\/\/brausa.es\/ca\/mitjans-productius\/\",\"name\":\"Mitjans productius - Brausa\",\"isPartOf\":{\"@id\":\"https:\/\/brausa.es\/#website\"},\"datePublished\":\"2021-01-25T13:42:27+00:00\",\"dateModified\":\"2021-02-24T10:37:03+00:00\",\"breadcrumb\":{\"@id\":\"https:\/\/brausa.es\/ca\/mitjans-productius\/#breadcrumb\"},\"inLanguage\":\"ca\",\"potentialAction\":[{\"@type\":\"ReadAction\",\"target\":[\"https:\/\/brausa.es\/ca\/mitjans-productius\/\"]}]},{\"@type\":\"BreadcrumbList\",\"@id\":\"https:\/\/brausa.es\/ca\/mitjans-productius\/#breadcrumb\",\"itemListElement\":[{\"@type\":\"ListItem\",\"position\":1,\"name\":\"Portada\",\"item\":\"https:\/\/brausa.es\/ca\/\"},{\"@type\":\"ListItem\",\"position\":2,\"name\":\"Mitjans productius\"}]},{\"@type\":\"WebSite\",\"@id\":\"https:\/\/brausa.es\/#website\",\"url\":\"https:\/\/brausa.es\/\",\"name\":\"Brausa\",\"description\":\"Perfiles de acero en fr\u00edo a medida\",\"publisher\":{\"@id\":\"https:\/\/brausa.es\/#organization\"},\"potentialAction\":[{\"@type\":\"SearchAction\",\"target\":{\"@type\":\"EntryPoint\",\"urlTemplate\":\"https:\/\/brausa.es\/?s={search_term_string}\"},\"query-input\":{\"@type\":\"PropertyValueSpecification\",\"valueRequired\":true,\"valueName\":\"search_term_string\"}}],\"inLanguage\":\"ca\"},{\"@type\":\"Organization\",\"@id\":\"https:\/\/brausa.es\/#organization\",\"name\":\"BRAUSA\",\"url\":\"https:\/\/brausa.es\/\",\"logo\":{\"@type\":\"ImageObject\",\"inLanguage\":\"ca\",\"@id\":\"https:\/\/brausa.es\/#\/schema\/logo\/image\/\",\"url\":\"https:\/\/brausa.es\/wp-content\/uploads\/2021\/02\/brausa-logo-header.jpg\",\"contentUrl\":\"https:\/\/brausa.es\/wp-content\/uploads\/2021\/02\/brausa-logo-header.jpg\",\"width\":233,\"height\":85,\"caption\":\"BRAUSA\"},\"image\":{\"@id\":\"https:\/\/brausa.es\/#\/schema\/logo\/image\/\"},\"sameAs\":[\"https:\/\/www.linkedin.com\/company\/brausa\/\",\"https:\/\/www.youtube.com\/channel\/UC_l7vW5uTRKlRsJk4i1LhbQ\"]}]}<\/script>\n<!-- \/ Yoast SEO plugin. -->","yoast_head_json":{"title":"Mitjans productius - Brausa","robots":{"index":"index","follow":"follow","max-snippet":"max-snippet:-1","max-image-preview":"max-image-preview:large","max-video-preview":"max-video-preview:-1"},"canonical":"https:\/\/brausa.es\/ca\/mitjans-productius\/","og_locale":"ca_ES","og_type":"article","og_title":"Mitjans productius - Brausa","og_description":"Mitjans productius Inversions i modernitzacions cont\u00ednues doten les nostres instal\u00b7lacions dels mitjans de producci\u00f3, programaci\u00f3, automatitzaci\u00f3 i control de proc\u00e9s m\u00e9s moderns, la qual cosa ens permet donar resposta a les exig\u00e8ncies del mercat actual. Perfiladores L\u00ednies de perfilat flexibles que s\u2019adapten als requisits del perfil d\u2019acer. Longitud m\u00e0xima del perfil de 25 metres i [&hellip;]","og_url":"https:\/\/brausa.es\/ca\/mitjans-productius\/","og_site_name":"Brausa","article_modified_time":"2021-02-24T10:37:03+00:00","twitter_card":"summary_large_image","twitter_misc":{"Est. reading time":"1 minute"},"schema":{"@context":"https:\/\/schema.org","@graph":[{"@type":"WebPage","@id":"https:\/\/brausa.es\/ca\/mitjans-productius\/","url":"https:\/\/brausa.es\/ca\/mitjans-productius\/","name":"Mitjans productius - Brausa","isPartOf":{"@id":"https:\/\/brausa.es\/#website"},"datePublished":"2021-01-25T13:42:27+00:00","dateModified":"2021-02-24T10:37:03+00:00","breadcrumb":{"@id":"https:\/\/brausa.es\/ca\/mitjans-productius\/#breadcrumb"},"inLanguage":"ca","potentialAction":[{"@type":"ReadAction","target":["https:\/\/brausa.es\/ca\/mitjans-productius\/"]}]},{"@type":"BreadcrumbList","@id":"https:\/\/brausa.es\/ca\/mitjans-productius\/#breadcrumb","itemListElement":[{"@type":"ListItem","position":1,"name":"Portada","item":"https:\/\/brausa.es\/ca\/"},{"@type":"ListItem","position":2,"name":"Mitjans productius"}]},{"@type":"WebSite","@id":"https:\/\/brausa.es\/#website","url":"https:\/\/brausa.es\/","name":"Brausa","description":"Perfiles de acero en fr\u00edo a medida","publisher":{"@id":"https:\/\/brausa.es\/#organization"},"potentialAction":[{"@type":"SearchAction","target":{"@type":"EntryPoint","urlTemplate":"https:\/\/brausa.es\/?s={search_term_string}"},"query-input":{"@type":"PropertyValueSpecification","valueRequired":true,"valueName":"search_term_string"}}],"inLanguage":"ca"},{"@type":"Organization","@id":"https:\/\/brausa.es\/#organization","name":"BRAUSA","url":"https:\/\/brausa.es\/","logo":{"@type":"ImageObject","inLanguage":"ca","@id":"https:\/\/brausa.es\/#\/schema\/logo\/image\/","url":"https:\/\/brausa.es\/wp-content\/uploads\/2021\/02\/brausa-logo-header.jpg","contentUrl":"https:\/\/brausa.es\/wp-content\/uploads\/2021\/02\/brausa-logo-header.jpg","width":233,"height":85,"caption":"BRAUSA"},"image":{"@id":"https:\/\/brausa.es\/#\/schema\/logo\/image\/"},"sameAs":["https:\/\/www.linkedin.com\/company\/brausa\/","https:\/\/www.youtube.com\/channel\/UC_l7vW5uTRKlRsJk4i1LhbQ"]}]}},"_links":{"self":[{"href":"https:\/\/brausa.es\/ca\/wp-json\/wp\/v2\/pages\/7337"}],"collection":[{"href":"https:\/\/brausa.es\/ca\/wp-json\/wp\/v2\/pages"}],"about":[{"href":"https:\/\/brausa.es\/ca\/wp-json\/wp\/v2\/types\/page"}],"author":[{"embeddable":true,"href":"https:\/\/brausa.es\/ca\/wp-json\/wp\/v2\/users\/1"}],"replies":[{"embeddable":true,"href":"https:\/\/brausa.es\/ca\/wp-json\/wp\/v2\/comments?post=7337"}],"version-history":[{"count":11,"href":"https:\/\/brausa.es\/ca\/wp-json\/wp\/v2\/pages\/7337\/revisions"}],"predecessor-version":[{"id":8895,"href":"https:\/\/brausa.es\/ca\/wp-json\/wp\/v2\/pages\/7337\/revisions\/8895"}],"wp:attachment":[{"href":"https:\/\/brausa.es\/ca\/wp-json\/wp\/v2\/media?parent=7337"}],"curies":[{"name":"wp","href":"https:\/\/api.w.org\/{rel}","templated":true}]}}